{"id":1334,"date":"2025-11-21T10:45:20","date_gmt":"2025-11-21T09:45:20","guid":{"rendered":"https:\/\/www.amsrooms.com\/piskotki\/"},"modified":"2026-01-30T07:56:50","modified_gmt":"2026-01-30T06:56:50","slug":"cookies","status":"publish","type":"page","link":"https:\/\/www.amsrooms.com\/it\/cookies\/","title":{"rendered":"Cookies"},"content":{"rendered":"<div class=\"wpb-content-wrapper\"><p>[vc_row full_width=&#8221;stretch_row_content_no_spaces&#8221; el_class=&#8221;sp-page-title&#8221;][vc_column]\t\t\n\t\t<div class=\"title-banner\" style=\"background-image: linear-gradient(rgba(0, 0, 0, 0.0),rgba(0, 0, 0, 0.0)),url(https:\/\/www.amsrooms.com\/wp-content\/uploads\/2025\/12\/stavba_poljanska-6-7.jpg);\">\n\t\t\t<div class=\"container\">\n\t\t\t\t<div class=\"breadcrumbs-container\">\n\t\t\t\t\t\t<div class=\"breadcrumbs\">\n\t\t\t\t\t\t\t\n\t<ul class=\"ns-breadcrumbs\">\n\t\t\t<li><a href=\"https:\/\/www.amsrooms.com\/it\/\">Pagina iniziale<\/a><\/li>\n\t\t\t\t<li>Cookies<\/li>\n\t<\/ul>\n\t\n\t\t\t\t\t\t\t\t<div class=\"clearfix\"><\/div>\n\t\t\t\t\t\t<\/div>\n\t\t\t\t<\/div>\n\t\t\t\t\t\t\t\t\t<h1 class=\"entry-title\">Cookies<\/h1>\n\t\t\t\t\t\t\t<\/div>\n\t\t<\/div>\n\n\t\t[\/vc_column][\/vc_row][vc_row][vc_column][vc_column_text]<\/p>\n<h2>Base giuridica<\/h2>\n<p>La base giuridica per l\u2019informativa sui cookie \u00e8 la Legge sulle comunicazioni elettroniche modificata (Gazzetta Ufficiale della Repubblica di Slovenia, n. 109\/2012; di seguito ZEKom-1), entrata in vigore all\u2019inizio del 2013, che ha introdotto nuove regole sull\u2019uso dei cookie e di tecnologie simili per la memorizzazione delle informazioni o l\u2019accesso alle informazioni memorizzate sul computer o sul dispositivo mobile dell\u2019utente.<\/p>\n<h2>Cosa sono i cookie e perch\u00e9 il sito web ne ha bisogno<\/h2>\n<p>Un cookie \u00e8 un piccolo file di testo che viene trasferito sul computer dell\u2019utente durante la visita a un sito web e che solitamente contiene:<\/p>\n<ul>\n<li class=\"firstItem\">il nome del server dal quale il cookie \u00e8 stato inviato;<\/li>\n<li>la durata del cookie;<\/li>\n<li class=\"lastItem\">il valore \u2013 solitamente un numero univoco generato casualmente.<\/li>\n<\/ul>\n<p>Il cookie in s\u00e9 non contiene n\u00e9 raccoglie informazioni. Tuttavia, se letto dal server insieme al browser web, pu\u00f2 aiutare il sito a offrire servizi pi\u00f9 user-friendly, ad esempio ricordando acquisti precedenti o i dati dell\u2019account utente. Un cookie pu\u00f2 essere letto e utilizzato solo dal server che lo ha inviato.<\/p>\n<p>Su siti web affidabili, i cookie possono migliorare l\u2019esperienza dell\u2019utente. Tuttavia, possono anche essere utilizzati in modi che incidono sulla privacy dell\u2019individuo. I cookie possono essere memorizzati per periodi di tempo diversi, solo per la durata della sessione di navigazione o per periodi molto pi\u00f9 lunghi.<\/p>\n<h2>Quali cookie vengono utilizzati sul sito e perch\u00e9<\/h2>\n<p>Su questo sito web utilizziamo esclusivamente cookie consentiti dalla normativa ZEKom-1. Vengono utilizzati solo cookie strettamente necessari al funzionamento del sito. Per monitorare le statistiche di visita utilizziamo un sistema che registra solo un cookie di sessione e non monitora il vostro comportamento successivo sul sito o in relazione ad altri siti web. Continuando a utilizzare questo sito web, acconsentite all\u2019uso dei cookie descritti di seguito.<\/p>\n<h2>Quali cookie possono essere utilizzati su questo sito web<\/h2>\n<table class=\"Table\" border=\"0\" width=\"100%\" cellspacing=\"0\" cellpadding=\"0\">\n<tbody>\n<tr>\n<td align=\"left\" valign=\"top\">Nome del cookie<\/td>\n<td align=\"left\" valign=\"top\">Finalit\u00e0<\/td>\n<td align=\"left\" valign=\"top\">Durata<\/td>\n<\/tr>\n<tr>\n<td align=\"left\" valign=\"top\">PHPSESSID<\/td>\n<td align=\"left\" valign=\"top\">Consente il funzionamento del sito web.<\/td>\n<td align=\"left\" valign=\"top\">Sessione<\/td>\n<\/tr>\n<tr>\n<td align=\"left\" valign=\"top\">_ga<\/td>\n<td align=\"left\" valign=\"top\">Registra la distinzione tra utenti (sessioni).<\/td>\n<td align=\"left\" valign=\"top\">2 anni<\/td>\n<\/tr>\n<tr>\n<td align=\"left\" valign=\"top\">_gat<\/td>\n<td align=\"left\" valign=\"top\">Registra un nuovo utente (sessione).<\/td>\n<td align=\"left\" valign=\"top\">10 minuti<\/td>\n<\/tr>\n<\/tbody>\n<\/table>\n<p>[\/vc_column_text][\/vc_column][\/vc_row][vc_row][vc_column][vc_empty_space][\/vc_column][\/vc_row]<\/p>\n<\/div>","protected":false},"excerpt":{"rendered":"<p>[vc_row full_width=&#8221;stretch_row_content_no_spaces&#8221; el_class=&#8221;sp-page-title&#8221;][vc_column][\/vc_column][\/vc_row][vc_row][vc_column][vc_column_text] Base giuridica La base giuridica per l\u2019informativa sui cookie \u00e8 la Legge sulle comunicazioni elettroniche modificata (Gazzetta Ufficiale della Repubblica di Slovenia, n. 109\/2012; di seguito ZEKom-1), entrata in vigore all\u2019inizio del 2013, che ha introdotto nuove regole sull\u2019uso dei cookie e di tecnologie simili per la memorizzazione delle informazioni o l\u2019accesso alle informazioni memorizzate sul computer o sul dispositivo mobile dell\u2019utente. Cosa sono i cookie e perch\u00e9 il sito web ne ha bisogno Un cookie \u00e8 un piccolo file di testo che viene trasferito sul computer dell\u2019utente durante la visita a un sito web e che solitamente contiene: il nome del server dal quale il cookie \u00e8 stato inviato; la durata del cookie; il valore \u2013 [&hellip;]<\/p>\n","protected":false},"author":1,"featured_media":0,"parent":0,"menu_order":10,"comment_status":"closed","ping_status":"closed","template":"","meta":{"_acf_changed":false,"footnotes":""},"class_list":["post-1334","page","type-page","status-publish","hentry"],"acf":[],"yoast_head":"<!-- This site is optimized with the Yoast SEO plugin v24.4 - https:\/\/yoast.com\/wordpress\/plugins\/seo\/ -->\n<title>Cookies - AMS Rooms<\/title>\n<meta name=\"description\" content=\"Base giuridica La base giuridica per l\u2019informativa sui cookie \u00e8 la Legge sulle comunicazioni elettroniche modificata (Gazzetta Ufficiale della Repubblica di Slovenia, n. 109\/2012; di seguito ZEKom-1), entrata in vigore\" \/>\n<meta name=\"robots\" content=\"index, follow, max-snippet:-1, max-image-preview:large, max-video-preview:-1\" \/>\n<link rel=\"canonical\" href=\"https:\/\/www.amsrooms.com\/it\/cookies\/\" \/>\n<meta property=\"og:locale\" content=\"it_IT\" \/>\n<meta property=\"og:type\" content=\"article\" \/>\n<meta property=\"og:title\" content=\"Cookies - AMS Rooms\" \/>\n<meta property=\"og:description\" content=\"[vc_row full_width=&#8221;stretch_row_content_no_spaces&#8221; el_class=&#8221;sp-page-title&#8221;][vc_column][\/vc_column][\/vc_row][vc_row][vc_column][vc_column_text] Base giuridica La base giuridica per l\u2019informativa sui cookie \u00e8 la Legge sulle comunicazioni elettroniche modificata (Gazzetta Ufficiale della Repubblica di Slovenia, n. 109\/2012; di seguito ZEKom-1), entrata in vigore all\u2019inizio del 2013, che ha introdotto nuove regole sull\u2019uso dei cookie e di tecnologie simili per la memorizzazione delle informazioni o l\u2019accesso alle informazioni memorizzate sul computer o sul dispositivo mobile dell\u2019utente. Cosa sono i cookie e perch\u00e9 il sito web ne ha bisogno Un cookie \u00e8 un piccolo file di testo che viene trasferito sul computer dell\u2019utente durante la visita a un sito web e che solitamente contiene: il nome del server dal quale il cookie \u00e8 stato inviato; la durata del cookie; il valore \u2013 [&hellip;]\" \/>\n<meta property=\"og:url\" content=\"https:\/\/www.amsrooms.com\/it\/cookies\/\" \/>\n<meta property=\"og:site_name\" content=\"AMS Rooms\" \/>\n<meta property=\"article:modified_time\" content=\"2026-01-30T06:56:50+00:00\" \/>\n<meta name=\"twitter:card\" content=\"summary_large_image\" \/>\n<meta name=\"twitter:label1\" content=\"Tempo di lettura stimato\" \/>\n\t<meta name=\"twitter:data1\" content=\"3 minuti\" \/>\n<script type=\"application\/ld+json\" class=\"yoast-schema-graph\">{\"@context\":\"https:\/\/schema.org\",\"@graph\":[{\"@type\":\"WebPage\",\"@id\":\"https:\/\/www.amsrooms.com\/it\/cookies\/\",\"url\":\"https:\/\/www.amsrooms.com\/it\/cookies\/\",\"name\":\"Cookies - AMS Rooms\",\"isPartOf\":{\"@id\":\"https:\/\/www.amsrooms.com\/#website\"},\"datePublished\":\"2025-11-21T09:45:20+00:00\",\"dateModified\":\"2026-01-30T06:56:50+00:00\",\"breadcrumb\":{\"@id\":\"https:\/\/www.amsrooms.com\/it\/cookies\/#breadcrumb\"},\"inLanguage\":\"it-IT\",\"potentialAction\":[{\"@type\":\"ReadAction\",\"target\":[\"https:\/\/www.amsrooms.com\/it\/cookies\/\"]}]},{\"@type\":\"BreadcrumbList\",\"@id\":\"https:\/\/www.amsrooms.com\/it\/cookies\/#breadcrumb\",\"itemListElement\":[{\"@type\":\"ListItem\",\"position\":1,\"name\":\"Home\",\"item\":\"https:\/\/www.amsrooms.com\/it\/\"},{\"@type\":\"ListItem\",\"position\":2,\"name\":\"Cookies\"}]},{\"@type\":\"WebSite\",\"@id\":\"https:\/\/www.amsrooms.com\/#website\",\"url\":\"https:\/\/www.amsrooms.com\/\",\"name\":\"AMS Rooms\",\"description\":\"\",\"potentialAction\":[{\"@type\":\"SearchAction\",\"target\":{\"@type\":\"EntryPoint\",\"urlTemplate\":\"https:\/\/www.amsrooms.com\/?s={search_term_string}\"},\"query-input\":{\"@type\":\"PropertyValueSpecification\",\"valueRequired\":true,\"valueName\":\"search_term_string\"}}],\"inLanguage\":\"it-IT\"}]}<\/script>\n<!-- \/ Yoast SEO plugin. -->","yoast_head_json":{"title":"Cookies - AMS Rooms","description":"Base giuridica La base giuridica per l\u2019informativa sui cookie \u00e8 la Legge sulle comunicazioni elettroniche modificata (Gazzetta Ufficiale della Repubblica di Slovenia, n. 109\/2012; di seguito ZEKom-1), entrata in vigore","robots":{"index":"index","follow":"follow","max-snippet":"max-snippet:-1","max-image-preview":"max-image-preview:large","max-video-preview":"max-video-preview:-1"},"canonical":"https:\/\/www.amsrooms.com\/it\/cookies\/","og_locale":"it_IT","og_type":"article","og_title":"Cookies - AMS Rooms","og_description":"[vc_row full_width=&#8221;stretch_row_content_no_spaces&#8221; el_class=&#8221;sp-page-title&#8221;][vc_column][\/vc_column][\/vc_row][vc_row][vc_column][vc_column_text] Base giuridica La base giuridica per l\u2019informativa sui cookie \u00e8 la Legge sulle comunicazioni elettroniche modificata (Gazzetta Ufficiale della Repubblica di Slovenia, n. 109\/2012; di seguito ZEKom-1), entrata in vigore all\u2019inizio del 2013, che ha introdotto nuove regole sull\u2019uso dei cookie e di tecnologie simili per la memorizzazione delle informazioni o l\u2019accesso alle informazioni memorizzate sul computer o sul dispositivo mobile dell\u2019utente. Cosa sono i cookie e perch\u00e9 il sito web ne ha bisogno Un cookie \u00e8 un piccolo file di testo che viene trasferito sul computer dell\u2019utente durante la visita a un sito web e che solitamente contiene: il nome del server dal quale il cookie \u00e8 stato inviato; la durata del cookie; il valore \u2013 [&hellip;]","og_url":"https:\/\/www.amsrooms.com\/it\/cookies\/","og_site_name":"AMS Rooms","article_modified_time":"2026-01-30T06:56:50+00:00","twitter_card":"summary_large_image","twitter_misc":{"Tempo di lettura stimato":"3 minuti"},"schema":{"@context":"https:\/\/schema.org","@graph":[{"@type":"WebPage","@id":"https:\/\/www.amsrooms.com\/it\/cookies\/","url":"https:\/\/www.amsrooms.com\/it\/cookies\/","name":"Cookies - AMS Rooms","isPartOf":{"@id":"https:\/\/www.amsrooms.com\/#website"},"datePublished":"2025-11-21T09:45:20+00:00","dateModified":"2026-01-30T06:56:50+00:00","breadcrumb":{"@id":"https:\/\/www.amsrooms.com\/it\/cookies\/#breadcrumb"},"inLanguage":"it-IT","potentialAction":[{"@type":"ReadAction","target":["https:\/\/www.amsrooms.com\/it\/cookies\/"]}]},{"@type":"BreadcrumbList","@id":"https:\/\/www.amsrooms.com\/it\/cookies\/#breadcrumb","itemListElement":[{"@type":"ListItem","position":1,"name":"Home","item":"https:\/\/www.amsrooms.com\/it\/"},{"@type":"ListItem","position":2,"name":"Cookies"}]},{"@type":"WebSite","@id":"https:\/\/www.amsrooms.com\/#website","url":"https:\/\/www.amsrooms.com\/","name":"AMS Rooms","description":"","potentialAction":[{"@type":"SearchAction","target":{"@type":"EntryPoint","urlTemplate":"https:\/\/www.amsrooms.com\/?s={search_term_string}"},"query-input":{"@type":"PropertyValueSpecification","valueRequired":true,"valueName":"search_term_string"}}],"inLanguage":"it-IT"}]}},"_links":{"self":[{"href":"https:\/\/www.amsrooms.com\/it\/wp-json\/wp\/v2\/pages\/1334","targetHints":{"allow":["GET"]}}],"collection":[{"href":"https:\/\/www.amsrooms.com\/it\/wp-json\/wp\/v2\/pages"}],"about":[{"href":"https:\/\/www.amsrooms.com\/it\/wp-json\/wp\/v2\/types\/page"}],"author":[{"embeddable":true,"href":"https:\/\/www.amsrooms.com\/it\/wp-json\/wp\/v2\/users\/1"}],"replies":[{"embeddable":true,"href":"https:\/\/www.amsrooms.com\/it\/wp-json\/wp\/v2\/comments?post=1334"}],"version-history":[{"count":0,"href":"https:\/\/www.amsrooms.com\/it\/wp-json\/wp\/v2\/pages\/1334\/revisions"}],"wp:attachment":[{"href":"https:\/\/www.amsrooms.com\/it\/wp-json\/wp\/v2\/media?parent=1334"}],"curies":[{"name":"wp","href":"https:\/\/api.w.org\/{rel}","templated":true}]}}