{"id":1324,"date":"2025-11-21T13:29:44","date_gmt":"2025-11-21T12:29:44","guid":{"rendered":"https:\/\/www.amsrooms.com\/aktualno\/"},"modified":"2026-03-13T13:17:33","modified_gmt":"2026-03-13T12:17:33","slug":"novita","status":"publish","type":"page","link":"https:\/\/www.amsrooms.com\/it\/novita\/","title":{"rendered":"Novit\u00e0"},"content":{"rendered":"<div class=\"wpb-content-wrapper\"><p>[vc_row full_width=&#8221;stretch_row_content_no_spaces&#8221; el_class=&#8221;sp-page-title&#8221;][vc_column]\t\t\n\t\t<div class=\"title-banner\" style=\"background-image: linear-gradient(rgba(0, 0, 0, 0.0),rgba(0, 0, 0, 0.0)),url(https:\/\/www.amsrooms.com\/wp-content\/uploads\/2025\/12\/recepcija_ii-6.jpg);\">\n\t\t\t<div class=\"container\">\n\t\t\t\t<div class=\"breadcrumbs-container\">\n\t\t\t\t\t\t<div class=\"breadcrumbs\">\n\t\t\t\t\t\t\t\n\t<ul class=\"ns-breadcrumbs\">\n\t\t\t<li><a href=\"https:\/\/www.amsrooms.com\/it\/\">Pagina iniziale<\/a><\/li>\n\t\t\t\t<li>Novit\u00e0<\/li>\n\t<\/ul>\n\t\n\t\t\t\t\t\t\t\t<div class=\"clearfix\"><\/div>\n\t\t\t\t\t\t<\/div>\n\t\t\t\t<\/div>\n\t\t\t\t\t\t\t\t\t<h1 class=\"entry-title\">Novit\u00e0<\/h1>\n\t\t\t\t\t\t\t<\/div>\n\t\t<\/div>\n\n\t\t[\/vc_column][\/vc_row][vc_row][vc_column]<div class=\"loop-container  \"><div class=\"row\" id=\"1758627084362-92e6ec69-ae3a\"><div class=\"loop-item col-lg-4 col-md-4 col-sm-6 col-xs-12\"><div class=\"loop-item-inner\"><div class=\"wpb-content-wrapper\"><p>[vc_row][vc_column]            \t\t\t\t\t\t\t<div class=\"loop-item-horizontal\">\n\t\t\t \n\n                <div class=\"c1 vc_col-xs-12 vc_col-md-4\">\n                    <a href=\"https:\/\/www.amsrooms.com\/it\/aktualnost\/festa-della-cultura-slovena\/\">                        <div >\n\t\t\t\t\t\t\t                            \t<img decoding=\"async\" src=\"https:\/\/www.amsrooms.com\/wp-content\/uploads\/2025\/12\/welcome-spring-1.png\" alt=\"ilustrativna slika\" class=\"img-responsive\">\n\t\t\t\t\t\t\t                        <\/div>\n                    <\/a>                <\/div>\n                <div class=\"c2 vc_col-xs-12 vc_col-md-8\">\n\t\t\t\t\t\t\t\t\t\t<h4>\n                        <a href=\"https:\/\/www.amsrooms.com\/it\/aktualnost\/festa-della-cultura-slovena\/\">Pasqua e primavera a Lubiana <\/a>                    <\/h4>\n\t\t\t\t\t\t\t\t\t\t\t<p>\r\nVacanza primaverile in citt\u00e0 a Lubiana\r\nTrascorrete le vacanze e la pausa primaverile nella piacevole atmosfera di Lubiana. La citt\u00e0 si \u00e8 risvegliata alla  ...<\/p>\n\t\t\t\t\t                    \n\t\t\t\t\t\t\t\t\t\t\t<a href=\"https:\/\/www.amsrooms.com\/it\/aktualnost\/festa-della-cultura-slovena\/\" class=\"btn btn-default btn-lg\">Scopri di pi\u00f9<svg width=\"15\" height=\"12\" viewBox=\"0 0 15 12\" fill=\"none\" xmlns=\"http:\/\/www.w3.org\/2000\/svg\">\n<path d=\"M1 5.875L14 5.875M14 5.875L9.125 10.75M14 5.875L9.125 1\" stroke=\"black\" stroke-width=\"1.5\" stroke-linecap=\"round\" stroke-linejoin=\"round\"\/>\n<\/svg><\/a>\n\t\t\t\t\t                <\/div>  \n            <\/div>\n            [\/vc_column][\/vc_row]<\/p>\n<\/div><\/div><\/div><\/div><\/div>[\/vc_column][\/vc_row]<\/p>\n<\/div>","protected":false},"excerpt":{"rendered":"<p>[vc_row full_width=&#8221;stretch_row_content_no_spaces&#8221; el_class=&#8221;sp-page-title&#8221;][vc_column][\/vc_column][\/vc_row][vc_row][vc_column][\/vc_column][\/vc_row]<\/p>\n","protected":false},"author":1,"featured_media":0,"parent":0,"menu_order":6,"comment_status":"closed","ping_status":"closed","template":"","meta":{"_acf_changed":false,"footnotes":""},"class_list":["post-1324","page","type-page","status-publish","hentry"],"acf":[],"yoast_head":"<!-- This site is optimized with the Yoast SEO plugin v24.4 - https:\/\/yoast.com\/wordpress\/plugins\/seo\/ -->\n<title>Novit\u00e0 - AMS Rooms<\/title>\n<meta name=\"description\" content=\"Vacanza primaverile in citt\u00e0 a Lubiana Trascorrete le vacanze e la pausa primaverile nella piacevole atmosfera di Lubiana. La citt\u00e0 si \u00e8 risvegliata alla primavera e invita a passeggiare lungo\" \/>\n<meta name=\"robots\" content=\"index, follow, max-snippet:-1, max-image-preview:large, max-video-preview:-1\" \/>\n<link rel=\"canonical\" href=\"https:\/\/www.amsrooms.com\/aktualno\/\" \/>\n<meta property=\"og:locale\" content=\"it_IT\" \/>\n<meta property=\"og:type\" content=\"article\" \/>\n<meta property=\"og:title\" content=\"Novit\u00e0 - AMS Rooms\" \/>\n<meta property=\"og:description\" content=\"[vc_row full_width=&#8221;stretch_row_content_no_spaces&#8221; el_class=&#8221;sp-page-title&#8221;][vc_column][\/vc_column][\/vc_row][vc_row][vc_column][\/vc_column][\/vc_row]\" \/>\n<meta property=\"og:url\" content=\"https:\/\/www.amsrooms.com\/aktualno\/\" \/>\n<meta property=\"og:site_name\" content=\"AMS Rooms\" \/>\n<meta property=\"article:modified_time\" content=\"2026-03-13T12:17:33+00:00\" \/>\n<meta name=\"twitter:card\" content=\"summary_large_image\" \/>\n<meta name=\"twitter:label1\" content=\"Tempo di lettura stimato\" \/>\n\t<meta name=\"twitter:data1\" content=\"1 minuto\" \/>\n<script type=\"application\/ld+json\" class=\"yoast-schema-graph\">{\"@context\":\"https:\/\/schema.org\",\"@graph\":[{\"@type\":\"WebPage\",\"@id\":\"https:\/\/www.amsrooms.com\/aktualno\/\",\"url\":\"https:\/\/www.amsrooms.com\/aktualno\/\",\"name\":\"Novit\u00e0 - AMS Rooms\",\"isPartOf\":{\"@id\":\"https:\/\/www.amsrooms.com\/#website\"},\"datePublished\":\"2025-11-21T12:29:44+00:00\",\"dateModified\":\"2026-03-13T12:17:33+00:00\",\"breadcrumb\":{\"@id\":\"https:\/\/www.amsrooms.com\/aktualno\/#breadcrumb\"},\"inLanguage\":\"it-IT\",\"potentialAction\":[{\"@type\":\"ReadAction\",\"target\":[\"https:\/\/www.amsrooms.com\/aktualno\/\"]}]},{\"@type\":\"BreadcrumbList\",\"@id\":\"https:\/\/www.amsrooms.com\/aktualno\/#breadcrumb\",\"itemListElement\":[{\"@type\":\"ListItem\",\"position\":1,\"name\":\"Home\",\"item\":\"https:\/\/www.amsrooms.com\/it\/\"},{\"@type\":\"ListItem\",\"position\":2,\"name\":\"Novit\u00e0\"}]},{\"@type\":\"WebSite\",\"@id\":\"https:\/\/www.amsrooms.com\/#website\",\"url\":\"https:\/\/www.amsrooms.com\/\",\"name\":\"AMS Rooms\",\"description\":\"\",\"potentialAction\":[{\"@type\":\"SearchAction\",\"target\":{\"@type\":\"EntryPoint\",\"urlTemplate\":\"https:\/\/www.amsrooms.com\/?s={search_term_string}\"},\"query-input\":{\"@type\":\"PropertyValueSpecification\",\"valueRequired\":true,\"valueName\":\"search_term_string\"}}],\"inLanguage\":\"it-IT\"}]}<\/script>\n<!-- \/ Yoast SEO plugin. -->","yoast_head_json":{"title":"Novit\u00e0 - AMS Rooms","description":"Vacanza primaverile in citt\u00e0 a Lubiana Trascorrete le vacanze e la pausa primaverile nella piacevole atmosfera di Lubiana. La citt\u00e0 si \u00e8 risvegliata alla primavera e invita a passeggiare lungo","robots":{"index":"index","follow":"follow","max-snippet":"max-snippet:-1","max-image-preview":"max-image-preview:large","max-video-preview":"max-video-preview:-1"},"canonical":"https:\/\/www.amsrooms.com\/aktualno\/","og_locale":"it_IT","og_type":"article","og_title":"Novit\u00e0 - AMS Rooms","og_description":"[vc_row full_width=&#8221;stretch_row_content_no_spaces&#8221; el_class=&#8221;sp-page-title&#8221;][vc_column][\/vc_column][\/vc_row][vc_row][vc_column][\/vc_column][\/vc_row]","og_url":"https:\/\/www.amsrooms.com\/aktualno\/","og_site_name":"AMS Rooms","article_modified_time":"2026-03-13T12:17:33+00:00","twitter_card":"summary_large_image","twitter_misc":{"Tempo di lettura stimato":"1 minuto"},"schema":{"@context":"https:\/\/schema.org","@graph":[{"@type":"WebPage","@id":"https:\/\/www.amsrooms.com\/aktualno\/","url":"https:\/\/www.amsrooms.com\/aktualno\/","name":"Novit\u00e0 - AMS Rooms","isPartOf":{"@id":"https:\/\/www.amsrooms.com\/#website"},"datePublished":"2025-11-21T12:29:44+00:00","dateModified":"2026-03-13T12:17:33+00:00","breadcrumb":{"@id":"https:\/\/www.amsrooms.com\/aktualno\/#breadcrumb"},"inLanguage":"it-IT","potentialAction":[{"@type":"ReadAction","target":["https:\/\/www.amsrooms.com\/aktualno\/"]}]},{"@type":"BreadcrumbList","@id":"https:\/\/www.amsrooms.com\/aktualno\/#breadcrumb","itemListElement":[{"@type":"ListItem","position":1,"name":"Home","item":"https:\/\/www.amsrooms.com\/it\/"},{"@type":"ListItem","position":2,"name":"Novit\u00e0"}]},{"@type":"WebSite","@id":"https:\/\/www.amsrooms.com\/#website","url":"https:\/\/www.amsrooms.com\/","name":"AMS Rooms","description":"","potentialAction":[{"@type":"SearchAction","target":{"@type":"EntryPoint","urlTemplate":"https:\/\/www.amsrooms.com\/?s={search_term_string}"},"query-input":{"@type":"PropertyValueSpecification","valueRequired":true,"valueName":"search_term_string"}}],"inLanguage":"it-IT"}]}},"_links":{"self":[{"href":"https:\/\/www.amsrooms.com\/it\/wp-json\/wp\/v2\/pages\/1324","targetHints":{"allow":["GET"]}}],"collection":[{"href":"https:\/\/www.amsrooms.com\/it\/wp-json\/wp\/v2\/pages"}],"about":[{"href":"https:\/\/www.amsrooms.com\/it\/wp-json\/wp\/v2\/types\/page"}],"author":[{"embeddable":true,"href":"https:\/\/www.amsrooms.com\/it\/wp-json\/wp\/v2\/users\/1"}],"replies":[{"embeddable":true,"href":"https:\/\/www.amsrooms.com\/it\/wp-json\/wp\/v2\/comments?post=1324"}],"version-history":[{"count":0,"href":"https:\/\/www.amsrooms.com\/it\/wp-json\/wp\/v2\/pages\/1324\/revisions"}],"wp:attachment":[{"href":"https:\/\/www.amsrooms.com\/it\/wp-json\/wp\/v2\/media?parent=1324"}],"curies":[{"name":"wp","href":"https:\/\/api.w.org\/{rel}","templated":true}]}}