{"id":1312,"date":"2025-11-28T15:29:03","date_gmt":"2025-11-28T14:29:03","guid":{"rendered":"https:\/\/www.amsrooms.com\/sobe-za-skupine\/"},"modified":"2026-02-04T16:16:51","modified_gmt":"2026-02-04T15:16:51","slug":"camere-per-gruppi","status":"publish","type":"page","link":"https:\/\/www.amsrooms.com\/it\/camere\/camere-per-gruppi\/","title":{"rendered":"Camere per gruppi"},"content":{"rendered":"<div class=\"wpb-content-wrapper\"><p>[vc_row full_width=&#8221;stretch_row_content_no_spaces&#8221; el_class=&#8221;sp-page-title&#8221;][vc_column]\t\t\n\t\t<div class=\"title-banner\" style=\"background-image: linear-gradient(rgba(0, 0, 0, 0.0),rgba(0, 0, 0, 0.0)),url(https:\/\/www.amsrooms.com\/wp-content\/uploads\/2025\/12\/a_p-6.jpg);\">\n\t\t\t<div class=\"container\">\n\t\t\t\t<div class=\"breadcrumbs-container\">\n\t\t\t\t\t\t<div class=\"breadcrumbs\">\n\t\t\t\t\t\t\t\n\t<ul class=\"ns-breadcrumbs\">\n\t\t\t<li><a href=\"https:\/\/www.amsrooms.com\/it\/\">Pagina iniziale<\/a><\/li>\n\t\t\t\t\t<li><a href=\"https:\/\/www.amsrooms.com\/it\/camere\/\">Camere<\/a><\/li>\n\t\t\t\t<li>Camere per gruppi<\/li>\n\t<\/ul>\n\t\n\t\t\t\t\t\t\t\t<div class=\"clearfix\"><\/div>\n\t\t\t\t\t\t<\/div>\n\t\t\t\t<\/div>\n\t\t\t\t\t\t\t\t\t<h1 class=\"entry-title\">Camere per gruppi<\/h1>\n\t\t\t\t\t\t\t<\/div>\n\t\t<\/div>\n\n\t\t[\/vc_column][\/vc_row][vc_row][vc_column width=&#8221;1\/12&#8243;][\/vc_column][vc_column width=&#8221;5\/6&#8243;][vc_column_text css=&#8221;&#8221;]<\/p>\n<p style=\"text-align: center;\">AMS Rooms si trova al 2\u00b0 e 3\u00b0 piano di un edificio storico che emana autenticit\u00e0 e accoglienza. Offriamo tre tipologie di camere: Ensuite, Comfort ed Economy. La capacit\u00e0 totale \u00e8 di 24 camere, nelle quali possiamo ospitare comodamente 57 persone.<\/p>\n<p>[\/vc_column_text]          \n\n\n                        <div class=\"subcat-wrap subcat-wrap-btn\">\n                                        <div class=\"subcat-cont \">\n                          <a href=\"https:\/\/www.amsrooms.com\/it\/camere\/tutte-le-camere\/\" class=\"subcat-item btn btn-tertiary btn-lg btn2 \">\n                                                            Tutte le camere                          <\/a>\n                      <\/div>\n                                        <div class=\"subcat-cont \">\n                          <a href=\"https:\/\/www.amsrooms.com\/it\/camere\/camere-per-singoli\/\" class=\"subcat-item btn btn-tertiary btn-lg btn2 \">\n                              <svg width=\"26\" height=\"24\" viewBox=\"0 0 26 24\" fill=\"none\" xmlns=\"http:\/\/www.w3.org\/2000\/svg\"> <path d=\"M12.3213 12.5713C13.9452 12.5713 15.4693 12.9052 16.7539 13.4912C18.07 14.091 18.6425 15.4659 18.6426 16.7246V18.4639C18.6426 18.8781 18.3068 19.2139 17.8926 19.2139C17.4785 19.2137 17.1426 18.878 17.1426 18.4639V16.7246C17.1425 15.9088 16.8012 15.2299 16.2471 14.915L16.1328 14.8564C15.0555 14.3647 13.7446 14.0713 12.3213 14.0713C11.076 14.0713 9.91741 14.296 8.9248 14.6816L8.50977 14.8564C7.88882 15.1394 7.50004 15.8542 7.5 16.7246V18.4639C7.5 18.8781 7.16421 19.2139 6.75 19.2139C6.33579 19.2139 6 18.8781 6 18.4639V16.7246C6.00004 15.5447 6.5023 14.2631 7.64941 13.6133L7.8877 13.4912C9.17314 12.905 10.6969 12.5713 12.3213 12.5713Z\" fill=\"#8E8177\"\/> <path fill-rule=\"evenodd\" clip-rule=\"evenodd\" d=\"M12.3213 4C14.3924 4 16.0713 5.67893 16.0713 7.75C16.0713 9.82107 14.3924 11.5 12.3213 11.5C10.2503 11.4999 8.57129 9.82102 8.57129 7.75C8.57129 5.67898 10.2503 4.00008 12.3213 4ZM12.3213 5.5C11.0787 5.50008 10.0713 6.50741 10.0713 7.75C10.0713 8.99259 11.0787 9.99992 12.3213 10C13.5639 10 14.5713 8.99264 14.5713 7.75C14.5713 6.50736 13.5639 5.5 12.3213 5.5Z\" fill=\"#8E8177\"\/> <\/svg>                              Camere per singoli                          <\/a>\n                      <\/div>\n                                        <div class=\"subcat-cont \">\n                          <a href=\"https:\/\/www.amsrooms.com\/it\/camere\/camere-per-coppie\/\" class=\"subcat-item btn btn-tertiary btn-lg btn2 \">\n                              <svg width=\"26\" height=\"24\" viewBox=\"0 0 26 24\" fill=\"none\" xmlns=\"http:\/\/www.w3.org\/2000\/svg\"> <path d=\"M17.3213 14.1558C18.9451 14.1558 20.4694 14.4898 21.7539 15.0757C23.0698 15.6755 23.6424 17.0506 23.6426 18.3091V20.0484C23.6426 20.4625 23.3067 20.7983 22.8926 20.7984C22.4785 20.7982 22.1426 20.4625 22.1426 20.0484V18.3091C22.1424 17.4935 21.8011 16.8144 21.2471 16.4995L21.1328 16.441C20.0555 15.9493 18.7445 15.6558 17.3213 15.6558C16.1309 15.6558 15.0203 15.8633 14.0576 16.2183C14.4573 16.8443 14.6425 17.5952 14.6426 18.3091V20.0484C14.6426 20.4625 14.3067 20.7983 13.8926 20.7984C13.4785 20.7982 13.1426 20.4625 13.1426 20.0484V18.3091C13.1424 17.4935 12.8012 16.8144 12.2471 16.4995L12.1328 16.441C11.0555 15.9492 9.74456 15.6558 8.32129 15.6558C7.07608 15.6558 5.91735 15.8805 4.9248 16.2662L4.50977 16.441C3.88891 16.7239 3.50016 17.4389 3.5 18.3091V20.0484C3.5 20.4625 3.16415 20.7983 2.75 20.7984C2.33579 20.7984 2 20.4626 2 20.0484V18.3091C2.00015 17.1293 2.50243 15.8475 3.64941 15.1978L3.8877 15.0757C5.17308 14.4896 6.69696 14.1558 8.32129 14.1558C9.94509 14.1558 11.4694 14.4897 12.7539 15.0757C12.7766 15.0861 12.798 15.0991 12.8203 15.1099L12.8877 15.0757C14.1731 14.4896 15.697 14.1558 17.3213 14.1558Z\" fill=\"#8E8177\"\/> <path d=\"M5.32129 17.5005C5.32167 17.1292 5.71268 16.8873 6.04492 17.0533L8.32129 18.1919L10.5977 17.0533C10.9299 16.8874 11.3209 17.1292 11.3213 17.5005V18.8824C11.3213 19.2541 10.9301 19.4959 10.5977 19.3296L8.32129 18.1919L6.04492 19.3296C5.71247 19.4959 5.32129 19.2541 5.32129 18.8824V17.5005Z\" fill=\"#8E8177\"\/> <path fill-rule=\"evenodd\" clip-rule=\"evenodd\" d=\"M8.32129 5.58451C10.3922 5.58458 12.0711 7.26367 12.0713 9.33451C12.0713 11.4055 10.3923 13.0844 8.32129 13.0845C6.25028 13.0844 4.57129 11.4055 4.57129 9.33451C4.57151 7.26367 6.25042 5.58458 8.32129 5.58451ZM8.32129 7.08451C7.07885 7.08459 6.07151 8.0921 6.07129 9.33451C6.07129 10.5771 7.07871 11.5844 8.32129 11.5845C9.56387 11.5844 10.5713 10.5771 10.5713 9.33451C10.5711 8.0921 9.56373 7.08459 8.32129 7.08451Z\" fill=\"#8E8177\"\/> <path fill-rule=\"evenodd\" clip-rule=\"evenodd\" d=\"M17.3213 5.58451C19.3922 5.58451 21.0711 7.26363 21.0713 9.33451C21.0713 11.4056 19.3924 13.0845 17.3213 13.0845C15.2502 13.0845 13.5713 11.4056 13.5713 9.33451C13.5715 7.26363 15.2504 5.58451 17.3213 5.58451ZM17.3213 7.08451C16.0788 7.08451 15.0715 8.09205 15.0713 9.33451C15.0713 10.5772 16.0786 11.5845 17.3213 11.5845C18.5639 11.5845 19.5713 10.5772 19.5713 9.33451C19.5711 8.09205 18.5638 7.08451 17.3213 7.08451Z\" fill=\"#8E8177\"\/> <path d=\"M14.3213 3.50053C14.3217 3.12923 14.7127 2.88733 15.0449 3.05326L17.3213 4.19193L19.5977 3.05326C19.9299 2.88733 20.3209 3.12923 20.3213 3.50053V4.88334C20.3209 5.25475 19.93 5.49578 19.5977 5.32963L17.3213 4.19193L15.0449 5.32963C14.7126 5.49578 14.3216 5.25475 14.3213 4.88334V3.50053Z\" fill=\"#8E8177\"\/> <\/svg>                              Camere per coppie                          <\/a>\n                      <\/div>\n                                        <div class=\"subcat-cont \">\n                          <a href=\"https:\/\/www.amsrooms.com\/it\/camere\/camere-per-famiglie\/\" class=\"subcat-item btn btn-tertiary btn-lg btn2 \">\n                              <svg width=\"26\" height=\"24\" viewBox=\"0 0 26 24\" fill=\"none\" xmlns=\"http:\/\/www.w3.org\/2000\/svg\"> <path d=\"M2.41504 12.8516C4.76367 11.6774 7.08395 12.1855 8.43164 12.5225C8.83336 12.6229 9.07778 13.0299 8.97754 13.4316C8.87705 13.8333 8.4701 14.0778 8.06836 13.9775C6.74939 13.6478 4.90839 13.2817 3.08496 14.1934C2.23798 14.617 1.5 15.4047 1.5 16.5225V18.5225C1.49978 18.9365 1.16408 19.2725 0.75 19.2725C0.33592 19.2725 0.000215365 18.9365 0 18.5225V16.5225C0 14.6405 1.26226 13.428 2.41504 12.8516Z\" fill=\"#8E8177\"\/> <path d=\"M19.7402 12.0059C20.9924 12.0438 22.4058 12.262 23.585 12.8516C24.7378 13.428 26 14.6405 26 16.5225V18.5225C25.9998 18.9365 25.6641 19.2725 25.25 19.2725C24.8359 19.2725 24.5002 18.9365 24.5 18.5225V16.5225C24.5 15.4047 23.762 14.617 22.915 14.1934C22.0082 13.74 20.8381 13.5405 19.6953 13.5059C18.5573 13.4714 17.523 13.6022 16.9316 13.75C16.5299 13.8502 16.123 13.6058 16.0225 13.2041C15.922 12.8023 16.1665 12.3954 16.5684 12.2949C17.3103 12.1094 18.4832 11.9678 19.7402 12.0059Z\" fill=\"#8E8177\"\/> <path d=\"M12.6963 14.0713C13.8762 14.0713 14.9874 14.314 15.9277 14.7432C16.9613 15.2142 17.3925 16.2833 17.3926 17.2314V18.4639C17.3926 18.8781 17.0568 19.2139 16.6426 19.2139C16.2285 19.2137 15.8926 18.878 15.8926 18.4639V17.2314C15.8925 16.7416 15.7021 16.3671 15.4277 16.1777L15.3057 16.1074C14.5728 15.7729 13.6751 15.5713 12.6963 15.5713C11.7176 15.5713 10.8205 15.7728 10.0869 16.1074C9.7485 16.2617 9.5001 16.6717 9.5 17.2314V18.4639C9.5 18.8781 9.16421 19.2139 8.75 19.2139C8.33579 19.2139 8 18.8781 8 18.4639V17.2314C8.0001 16.2834 8.43148 15.2143 9.46484 14.7432L9.8252 14.5908C10.6842 14.2569 11.6636 14.0713 12.6963 14.0713Z\" fill=\"#8E8177\"\/> <path fill-rule=\"evenodd\" clip-rule=\"evenodd\" d=\"M12.6963 7C14.2841 7 15.5713 8.28718 15.5713 9.875C15.5713 11.4628 14.2841 12.75 12.6963 12.75C11.1085 12.7499 9.82129 11.4628 9.82129 9.875C9.82129 8.28723 11.1085 7.00007 12.6963 7ZM12.6963 8.5C11.937 8.50007 11.3213 9.11565 11.3213 9.875C11.3213 10.6343 11.937 11.2499 12.6963 11.25C13.4557 11.25 14.0713 10.6344 14.0713 9.875C14.0713 9.11561 13.4557 8.5 12.6963 8.5Z\" fill=\"#8E8177\"\/> <path fill-rule=\"evenodd\" clip-rule=\"evenodd\" d=\"M5.72754 3C7.91942 3 9.69629 4.77687 9.69629 6.96875C9.69629 9.16063 7.91942 10.9375 5.72754 10.9375C3.53572 10.9374 1.75879 9.16058 1.75879 6.96875C1.75879 4.77692 3.53572 3.00007 5.72754 3ZM5.72754 4.5C4.36415 4.50007 3.25879 5.60534 3.25879 6.96875C3.25879 8.33216 4.36415 9.43743 5.72754 9.4375C7.09099 9.4375 8.19629 8.3322 8.19629 6.96875C8.19629 5.6053 7.09099 4.5 5.72754 4.5Z\" fill=\"#8E8177\"\/> <path fill-rule=\"evenodd\" clip-rule=\"evenodd\" d=\"M19.7275 3C21.9194 3 23.6963 4.77687 23.6963 6.96875C23.6963 9.16063 21.9194 10.9375 19.7275 10.9375C17.5357 10.9374 15.7588 9.16058 15.7588 6.96875C15.7588 4.77692 17.5357 3.00007 19.7275 3ZM19.7275 4.5C18.3641 4.50007 17.2588 5.60534 17.2588 6.96875C17.2588 8.33216 18.3641 9.43743 19.7275 9.4375C21.091 9.4375 22.1963 8.3322 22.1963 6.96875C22.1963 5.6053 21.091 4.5 19.7275 4.5Z\" fill=\"#8E8177\"\/> <\/svg>                              Camere per famiglie                          <\/a>\n                      <\/div>\n                                        <div class=\"subcat-cont \">\n                          <a href=\"https:\/\/www.amsrooms.com\/it\/camere\/camere-per-gruppi\/\" class=\"subcat-item btn btn-tertiary btn-lg btn2 active-button\">\n                              <svg width=\"26\" height=\"24\" viewBox=\"0 0 26 24\" fill=\"none\" xmlns=\"http:\/\/www.w3.org\/2000\/svg\"> <g clip-path=\"url(#clip0_172_222)\"> <path d=\"M18.7275 16.1963C20.4632 16.1963 22.0919 16.5529 23.4629 17.1787C24.8492 17.8109 25.455 19.2616 25.4551 20.5977V22.4639C25.4551 22.878 25.1192 23.2138 24.7051 23.2139C24.291 23.2137 23.9551 22.878 23.9551 22.4639V20.5977C23.955 19.709 23.5831 18.9584 22.9668 18.6084L22.8398 18.5439C21.6764 18.0129 20.262 17.6963 18.7275 17.6963C17.3851 17.6963 16.1351 17.9382 15.0635 18.3545L14.6152 18.5439C13.9237 18.8591 13.5 19.6497 13.5 20.5977V22.4639C13.5 22.878 13.1642 23.2138 12.75 23.2139C12.7422 23.2139 12.7343 23.2122 12.7266 23.2119C12.7194 23.2121 12.7123 23.2139 12.7051 23.2139C12.291 23.2137 11.9551 22.878 11.9551 22.4639V20.5977C11.955 19.709 11.5831 18.9584 10.9668 18.6084L10.8398 18.5439C9.67641 18.0129 8.26199 17.6963 6.72754 17.6963C5.38507 17.6963 4.13507 17.9382 3.06348 18.3545L2.61523 18.5439C1.92369 18.8591 1.50004 19.6497 1.5 20.5977V22.4639C1.5 22.878 1.16415 23.2138 0.75 23.2139C0.335786 23.2139 0 22.8781 0 22.4639V20.5977C4.15433e-05 19.2614 0.606425 17.8107 1.99316 17.1787C3.36482 16.5531 4.99192 16.1963 6.72754 16.1963C8.46323 16.1963 10.0919 16.5529 11.4629 17.1787C11.9974 17.4224 12.4141 17.7891 12.7266 18.2227C13.0393 17.7886 13.4581 17.4226 13.9932 17.1787C15.3648 16.5531 16.9919 16.1963 18.7275 16.1963Z\" fill=\"#8E8177\"\/> <path fill-rule=\"evenodd\" clip-rule=\"evenodd\" d=\"M6.72754 7C8.91942 7 10.6963 8.77687 10.6963 10.9688C10.6963 13.1606 8.91942 14.9375 6.72754 14.9375C4.53566 14.9375 2.75879 13.1606 2.75879 10.9688C2.75879 8.77687 4.53566 7 6.72754 7ZM6.72754 8.5C5.36409 8.5 4.25879 9.6053 4.25879 10.9688C4.25879 12.3322 5.36409 13.4375 6.72754 13.4375C8.09099 13.4375 9.19629 12.3322 9.19629 10.9688C9.19629 9.6053 8.09099 8.5 6.72754 8.5Z\" fill=\"#8E8177\"\/> <path fill-rule=\"evenodd\" clip-rule=\"evenodd\" d=\"M18.7275 7C20.9194 7 22.6963 8.77687 22.6963 10.9688C22.6963 13.1606 20.9194 14.9375 18.7275 14.9375C16.5357 14.9375 14.7588 13.1606 14.7588 10.9688C14.7588 8.77687 16.5357 7 18.7275 7ZM18.7275 8.5C17.3641 8.5 16.2588 9.6053 16.2588 10.9688C16.2588 12.3322 17.3641 13.4375 18.7275 13.4375C20.091 13.4375 21.1963 12.3322 21.1963 10.9688C21.1963 9.6053 20.091 8.5 18.7275 8.5Z\" fill=\"#8E8177\"\/> <path fill-rule=\"evenodd\" clip-rule=\"evenodd\" d=\"M12.7275 0C14.9194 0 16.6963 1.77687 16.6963 3.96875C16.6963 6.16063 14.9194 7.9375 12.7275 7.9375C10.5357 7.9375 8.75879 6.16063 8.75879 3.96875C8.75879 1.77687 10.5357 1.61064e-08 12.7275 0ZM12.7275 1.5C11.3641 1.5 10.2588 2.6053 10.2588 3.96875C10.2588 5.3322 11.3641 6.4375 12.7275 6.4375C14.091 6.4375 15.1963 5.3322 15.1963 3.96875C15.1963 2.6053 14.091 1.5 12.7275 1.5Z\" fill=\"#8E8177\"\/> <\/g> <defs> <clipPath id=\"clip0_172_222\"> <rect width=\"26\" height=\"24\" fill=\"white\"\/> <\/clipPath> <\/defs> <\/svg>                              Camere per gruppi                          <\/a>\n                      <\/div>\n                                <\/div>\n\n              <style>\n                  .hidden-subcat {\n                      display: none;\n                  }\n              <\/style>\n              \n        \n\n\n\n                \n        \n    \n        [\/vc_column][vc_column width=&#8221;1\/12&#8243;][\/vc_column][\/vc_row][vc_row][vc_column width=&#8221;1\/12&#8243;][\/vc_column][vc_column width=&#8221;5\/6&#8243;][vc_empty_space]<div class=\"loop-container  loop-container-soba-row\"><p>soba ne obstaja<\/p><\/div>[vc_empty_space][\/vc_column][vc_column width=&#8221;1\/12&#8243;][\/vc_column][\/vc_row]<\/p>\n<\/div>","protected":false},"excerpt":{"rendered":"<p>[vc_row full_width=&#8221;stretch_row_content_no_spaces&#8221; el_class=&#8221;sp-page-title&#8221;][vc_column][\/vc_column][\/vc_row][vc_row][vc_column width=&#8221;1\/12&#8243;][\/vc_column][vc_column width=&#8221;5\/6&#8243;][vc_column_text css=&#8221;&#8221;] AMS Rooms si trova al 2\u00b0 e 3\u00b0 piano di un edificio storico che emana autenticit\u00e0 e accoglienza. Offriamo tre tipologie di camere: Ensuite, Comfort ed Economy. La capacit\u00e0 totale \u00e8 di 24 camere, nelle quali possiamo ospitare comodamente 57 persone. [\/vc_column_text][\/vc_column][vc_column width=&#8221;1\/12&#8243;][\/vc_column][\/vc_row][vc_row][vc_column width=&#8221;1\/12&#8243;][\/vc_column][vc_column width=&#8221;5\/6&#8243;][vc_empty_space][vc_empty_space][\/vc_column][vc_column width=&#8221;1\/12&#8243;][\/vc_column][\/vc_row]<\/p>\n","protected":false},"author":1,"featured_media":805,"parent":1332,"menu_order":4,"comment_status":"closed","ping_status":"closed","template":"","meta":{"_acf_changed":false,"footnotes":""},"class_list":["post-1312","page","type-page","status-publish","has-post-thumbnail","hentry"],"acf":[],"yoast_head":"<!-- This site is optimized with the Yoast SEO plugin v24.4 - https:\/\/yoast.com\/wordpress\/plugins\/seo\/ -->\n<title>Camere per gruppi - AMS Rooms<\/title>\n<meta name=\"description\" content=\"AMS Rooms si trova al 2\u00b0 e 3\u00b0 piano di un edificio storico che emana autenticit\u00e0 e accoglienza. Offriamo tre tipologie di camere: Ensuite, Comfort ed Economy. La capacit\u00e0 totale\" \/>\n<meta name=\"robots\" content=\"index, follow, max-snippet:-1, max-image-preview:large, max-video-preview:-1\" \/>\n<link rel=\"canonical\" href=\"https:\/\/www.amsrooms.com\/sobe\/sobe-za-skupine\/\" \/>\n<meta property=\"og:locale\" content=\"it_IT\" \/>\n<meta property=\"og:type\" content=\"article\" \/>\n<meta property=\"og:title\" content=\"Camere per gruppi - AMS Rooms\" \/>\n<meta property=\"og:description\" content=\"[vc_row full_width=&#8221;stretch_row_content_no_spaces&#8221; el_class=&#8221;sp-page-title&#8221;][vc_column][\/vc_column][\/vc_row][vc_row][vc_column width=&#8221;1\/12&#8243;][\/vc_column][vc_column width=&#8221;5\/6&#8243;][vc_column_text css=&#8221;&#8221;] AMS Rooms si trova al 2\u00b0 e 3\u00b0 piano di un edificio storico che emana autenticit\u00e0 e accoglienza. Offriamo tre tipologie di camere: Ensuite, Comfort ed Economy. La capacit\u00e0 totale \u00e8 di 24 camere, nelle quali possiamo ospitare comodamente 57 persone. [\/vc_column_text][\/vc_column][vc_column width=&#8221;1\/12&#8243;][\/vc_column][\/vc_row][vc_row][vc_column width=&#8221;1\/12&#8243;][\/vc_column][vc_column width=&#8221;5\/6&#8243;][vc_empty_space][vc_empty_space][\/vc_column][vc_column width=&#8221;1\/12&#8243;][\/vc_column][\/vc_row]\" \/>\n<meta property=\"og:url\" content=\"https:\/\/www.amsrooms.com\/sobe\/sobe-za-skupine\/\" \/>\n<meta property=\"og:site_name\" content=\"AMS Rooms\" \/>\n<meta property=\"article:modified_time\" content=\"2026-02-04T15:16:51+00:00\" \/>\n<meta property=\"og:image\" content=\"https:\/\/www.amsrooms.com\/wp-content\/uploads\/2025\/12\/a_p-6.jpg\" \/>\n\t<meta property=\"og:image:width\" content=\"2560\" \/>\n\t<meta property=\"og:image:height\" content=\"1708\" \/>\n\t<meta property=\"og:image:type\" content=\"image\/jpeg\" \/>\n<meta name=\"twitter:card\" content=\"summary_large_image\" \/>\n<meta name=\"twitter:label1\" content=\"Tempo di lettura stimato\" \/>\n\t<meta name=\"twitter:data1\" content=\"1 minuto\" \/>\n<script type=\"application\/ld+json\" class=\"yoast-schema-graph\">{\"@context\":\"https:\/\/schema.org\",\"@graph\":[{\"@type\":\"WebPage\",\"@id\":\"https:\/\/www.amsrooms.com\/sobe\/sobe-za-skupine\/\",\"url\":\"https:\/\/www.amsrooms.com\/sobe\/sobe-za-skupine\/\",\"name\":\"Camere per gruppi - AMS Rooms\",\"isPartOf\":{\"@id\":\"https:\/\/www.amsrooms.com\/#website\"},\"primaryImageOfPage\":{\"@id\":\"https:\/\/www.amsrooms.com\/sobe\/sobe-za-skupine\/#primaryimage\"},\"image\":{\"@id\":\"https:\/\/www.amsrooms.com\/sobe\/sobe-za-skupine\/#primaryimage\"},\"thumbnailUrl\":\"https:\/\/www.amsrooms.com\/wp-content\/uploads\/2025\/12\/a_p-6.jpg\",\"datePublished\":\"2025-11-28T14:29:03+00:00\",\"dateModified\":\"2026-02-04T15:16:51+00:00\",\"breadcrumb\":{\"@id\":\"https:\/\/www.amsrooms.com\/sobe\/sobe-za-skupine\/#breadcrumb\"},\"inLanguage\":\"it-IT\",\"potentialAction\":[{\"@type\":\"ReadAction\",\"target\":[\"https:\/\/www.amsrooms.com\/sobe\/sobe-za-skupine\/\"]}]},{\"@type\":\"ImageObject\",\"inLanguage\":\"it-IT\",\"@id\":\"https:\/\/www.amsrooms.com\/sobe\/sobe-za-skupine\/#primaryimage\",\"url\":\"https:\/\/www.amsrooms.com\/wp-content\/uploads\/2025\/12\/a_p-6.jpg\",\"contentUrl\":\"https:\/\/www.amsrooms.com\/wp-content\/uploads\/2025\/12\/a_p-6.jpg\",\"width\":2560,\"height\":1708},{\"@type\":\"BreadcrumbList\",\"@id\":\"https:\/\/www.amsrooms.com\/sobe\/sobe-za-skupine\/#breadcrumb\",\"itemListElement\":[{\"@type\":\"ListItem\",\"position\":1,\"name\":\"Home\",\"item\":\"https:\/\/www.amsrooms.com\/it\/\"},{\"@type\":\"ListItem\",\"position\":2,\"name\":\"Camere\",\"item\":\"https:\/\/www.amsrooms.com\/sobe\/\"},{\"@type\":\"ListItem\",\"position\":3,\"name\":\"Camere per gruppi\"}]},{\"@type\":\"WebSite\",\"@id\":\"https:\/\/www.amsrooms.com\/#website\",\"url\":\"https:\/\/www.amsrooms.com\/\",\"name\":\"AMS Rooms\",\"description\":\"\",\"potentialAction\":[{\"@type\":\"SearchAction\",\"target\":{\"@type\":\"EntryPoint\",\"urlTemplate\":\"https:\/\/www.amsrooms.com\/?s={search_term_string}\"},\"query-input\":{\"@type\":\"PropertyValueSpecification\",\"valueRequired\":true,\"valueName\":\"search_term_string\"}}],\"inLanguage\":\"it-IT\"}]}<\/script>\n<!-- \/ Yoast SEO plugin. -->","yoast_head_json":{"title":"Camere per gruppi - AMS Rooms","description":"AMS Rooms si trova al 2\u00b0 e 3\u00b0 piano di un edificio storico che emana autenticit\u00e0 e accoglienza. Offriamo tre tipologie di camere: Ensuite, Comfort ed Economy. La capacit\u00e0 totale","robots":{"index":"index","follow":"follow","max-snippet":"max-snippet:-1","max-image-preview":"max-image-preview:large","max-video-preview":"max-video-preview:-1"},"canonical":"https:\/\/www.amsrooms.com\/sobe\/sobe-za-skupine\/","og_locale":"it_IT","og_type":"article","og_title":"Camere per gruppi - AMS Rooms","og_description":"[vc_row full_width=&#8221;stretch_row_content_no_spaces&#8221; el_class=&#8221;sp-page-title&#8221;][vc_column][\/vc_column][\/vc_row][vc_row][vc_column width=&#8221;1\/12&#8243;][\/vc_column][vc_column width=&#8221;5\/6&#8243;][vc_column_text css=&#8221;&#8221;] AMS Rooms si trova al 2\u00b0 e 3\u00b0 piano di un edificio storico che emana autenticit\u00e0 e accoglienza. Offriamo tre tipologie di camere: Ensuite, Comfort ed Economy. La capacit\u00e0 totale \u00e8 di 24 camere, nelle quali possiamo ospitare comodamente 57 persone. [\/vc_column_text][\/vc_column][vc_column width=&#8221;1\/12&#8243;][\/vc_column][\/vc_row][vc_row][vc_column width=&#8221;1\/12&#8243;][\/vc_column][vc_column width=&#8221;5\/6&#8243;][vc_empty_space][vc_empty_space][\/vc_column][vc_column width=&#8221;1\/12&#8243;][\/vc_column][\/vc_row]","og_url":"https:\/\/www.amsrooms.com\/sobe\/sobe-za-skupine\/","og_site_name":"AMS Rooms","article_modified_time":"2026-02-04T15:16:51+00:00","og_image":[{"width":2560,"height":1708,"url":"https:\/\/www.amsrooms.com\/wp-content\/uploads\/2025\/12\/a_p-6.jpg","type":"image\/jpeg"}],"twitter_card":"summary_large_image","twitter_misc":{"Tempo di lettura stimato":"1 minuto"},"schema":{"@context":"https:\/\/schema.org","@graph":[{"@type":"WebPage","@id":"https:\/\/www.amsrooms.com\/sobe\/sobe-za-skupine\/","url":"https:\/\/www.amsrooms.com\/sobe\/sobe-za-skupine\/","name":"Camere per gruppi - AMS Rooms","isPartOf":{"@id":"https:\/\/www.amsrooms.com\/#website"},"primaryImageOfPage":{"@id":"https:\/\/www.amsrooms.com\/sobe\/sobe-za-skupine\/#primaryimage"},"image":{"@id":"https:\/\/www.amsrooms.com\/sobe\/sobe-za-skupine\/#primaryimage"},"thumbnailUrl":"https:\/\/www.amsrooms.com\/wp-content\/uploads\/2025\/12\/a_p-6.jpg","datePublished":"2025-11-28T14:29:03+00:00","dateModified":"2026-02-04T15:16:51+00:00","breadcrumb":{"@id":"https:\/\/www.amsrooms.com\/sobe\/sobe-za-skupine\/#breadcrumb"},"inLanguage":"it-IT","potentialAction":[{"@type":"ReadAction","target":["https:\/\/www.amsrooms.com\/sobe\/sobe-za-skupine\/"]}]},{"@type":"ImageObject","inLanguage":"it-IT","@id":"https:\/\/www.amsrooms.com\/sobe\/sobe-za-skupine\/#primaryimage","url":"https:\/\/www.amsrooms.com\/wp-content\/uploads\/2025\/12\/a_p-6.jpg","contentUrl":"https:\/\/www.amsrooms.com\/wp-content\/uploads\/2025\/12\/a_p-6.jpg","width":2560,"height":1708},{"@type":"BreadcrumbList","@id":"https:\/\/www.amsrooms.com\/sobe\/sobe-za-skupine\/#breadcrumb","itemListElement":[{"@type":"ListItem","position":1,"name":"Home","item":"https:\/\/www.amsrooms.com\/it\/"},{"@type":"ListItem","position":2,"name":"Camere","item":"https:\/\/www.amsrooms.com\/sobe\/"},{"@type":"ListItem","position":3,"name":"Camere per gruppi"}]},{"@type":"WebSite","@id":"https:\/\/www.amsrooms.com\/#website","url":"https:\/\/www.amsrooms.com\/","name":"AMS Rooms","description":"","potentialAction":[{"@type":"SearchAction","target":{"@type":"EntryPoint","urlTemplate":"https:\/\/www.amsrooms.com\/?s={search_term_string}"},"query-input":{"@type":"PropertyValueSpecification","valueRequired":true,"valueName":"search_term_string"}}],"inLanguage":"it-IT"}]}},"_links":{"self":[{"href":"https:\/\/www.amsrooms.com\/it\/wp-json\/wp\/v2\/pages\/1312","targetHints":{"allow":["GET"]}}],"collection":[{"href":"https:\/\/www.amsrooms.com\/it\/wp-json\/wp\/v2\/pages"}],"about":[{"href":"https:\/\/www.amsrooms.com\/it\/wp-json\/wp\/v2\/types\/page"}],"author":[{"embeddable":true,"href":"https:\/\/www.amsrooms.com\/it\/wp-json\/wp\/v2\/users\/1"}],"replies":[{"embeddable":true,"href":"https:\/\/www.amsrooms.com\/it\/wp-json\/wp\/v2\/comments?post=1312"}],"version-history":[{"count":0,"href":"https:\/\/www.amsrooms.com\/it\/wp-json\/wp\/v2\/pages\/1312\/revisions"}],"up":[{"embeddable":true,"href":"https:\/\/www.amsrooms.com\/it\/wp-json\/wp\/v2\/pages\/1332"}],"wp:featuredmedia":[{"embeddable":true,"href":"https:\/\/www.amsrooms.com\/it\/wp-json\/wp\/v2\/media\/805"}],"wp:attachment":[{"href":"https:\/\/www.amsrooms.com\/it\/wp-json\/wp\/v2\/media?parent=1312"}],"curies":[{"name":"wp","href":"https:\/\/api.w.org\/{rel}","templated":true}]}}