{"id":1212,"date":"2025-11-21T13:29:44","date_gmt":"2025-11-21T12:29:44","guid":{"rendered":"https:\/\/www.amsrooms.com\/kako-do-nas\/"},"modified":"2026-02-18T13:05:34","modified_gmt":"2026-02-18T12:05:34","slug":"come-raggiungerci","status":"publish","type":"page","link":"https:\/\/www.amsrooms.com\/it\/come-raggiungerci\/","title":{"rendered":"Come raggiungerci"},"content":{"rendered":"<div class=\"wpb-content-wrapper\"><p>[vc_row full_width=&#8221;stretch_row_content_no_spaces&#8221; el_class=&#8221;sp-page-title&#8221;][vc_column]\t\t\n\t\t<div class=\"title-banner\" style=\"background-image: linear-gradient(rgba(0, 0, 0, 0.0),rgba(0, 0, 0, 0.0)),url(https:\/\/www.amsrooms.com\/wp-content\/uploads\/2025\/12\/stavba_poljanska-6-2.jpg);\">\n\t\t\t<div class=\"container\">\n\t\t\t\t<div class=\"breadcrumbs-container\">\n\t\t\t\t\t\t<div class=\"breadcrumbs\">\n\t\t\t\t\t\t\t\n\t<ul class=\"ns-breadcrumbs\">\n\t\t\t<li><a href=\"https:\/\/www.amsrooms.com\/it\/\">Pagina iniziale<\/a><\/li>\n\t\t\t\t<li>Come raggiungerci<\/li>\n\t<\/ul>\n\t\n\t\t\t\t\t\t\t\t<div class=\"clearfix\"><\/div>\n\t\t\t\t\t\t<\/div>\n\t\t\t\t<\/div>\n\t\t\t\t\t\t\t\t\t<h1 class=\"entry-title\">Come raggiungerci<\/h1>\n\t\t\t\t\t\t\t<\/div>\n\t\t<\/div>\n\n\t\t[\/vc_column][\/vc_row][vc_row el_class=&#8221;gmap-row&#8221;][vc_column][vc_column_text css=&#8221;&#8221;]<\/p>\n<p style=\"text-align: center;\">AMS Rooms si trovano nel cuore della citt\u00e0, a pochi passi dalle principali attrazioni del centro storico. Le diverse opzioni di arrivo sono descritte sotto la mappa.<\/p>\n<p style=\"text-align: center;\"><strong>Poljanska cesta 6, Ljubljana<\/strong><\/p>\n<p>[\/vc_column_text][vc_empty_space][\/vc_column][\/vc_row][vc_row full_width=&#8221;stretch_row_content_no_spaces&#8221; el_class=&#8221;gmap-row&#8221;][vc_column][vc_goo_maps location=&#8221;AMS Rooms Poljanska cesta, Ljubljana&#8221; height=&#8221;700px&#8221; zoom=&#8221;15&#8243; css=&#8221;&#8221;][\/vc_column][\/vc_row][vc_row][vc_column][vc_empty_space][vc_column_text css=&#8221;&#8221;]<\/p>\n<h3 style=\"text-align: left;\"><span lang=\"SL\">Arrivo in auto<\/span><\/h3>\n<p style=\"font-weight: 400; text-align: left;\">AMS Rooms si trovano nel centro citt\u00e0. Vi consigliamo una delle seguenti opzioni di parcheggio:<\/p>\n<p>[\/vc_column_text][vc_row_inner][vc_column_inner width=&#8221;1\/3&#8243;][vc_column_text css=&#8221;&#8221;]<\/p>\n<p style=\"font-weight: 400; text-align: left;\"><strong>Parcheggio AMS Rooms<\/strong><br \/>\nDisponibile in base alla disponibilit\u00e0, prenotazione obbligatoria. Non adatto a veicoli grandi o furgoni.<br \/>\nDistanza: 30 m<br \/>\nPrezzo: 30 \u20ac\/giorno<\/p>\n<p style=\"font-weight: 400; text-align: left;\"><strong>Garage Kapitelj<\/strong><br \/>\nIndirizzo: Poljanski nasip 4, 1000 Ljubljana<br \/>\nDistanza: 150 m<br \/>\nA piedi tramite Bavarska steza: 2 minuti<br \/>\nPrezzo: 35 \u20ac\/giorno<\/p>\n<p>[\/vc_column_text][\/vc_column_inner][vc_column_inner width=&#8221;1\/3&#8243;][vc_column_text css=&#8221;&#8221;]<\/p>\n<p style=\"font-weight: 400; text-align: left;\"><strong>Garage Komenskega<\/strong><br \/>\nIndirizzo: Komenskega ulica 42, 1000 Ljubljana<br \/>\nDistanza: 500 m<br \/>\nA piedi: 7 minuti<br \/>\nPrezzo: 30 \u20ac\/giorno<\/p>\n<p style=\"font-weight: 400; text-align: left;\"><strong>Parcheggio Vrazov trg<\/strong><br \/>\nIndirizzo: \u0160u\u0161tarjevo nabre\u017eje, 1000 Ljubljana<br \/>\nDistanza: 450 m<br \/>\nA piedi: 6 minuti<br \/>\nPrezzo: 1,20 \u20ac\/h di giorno, 1,80 \u20ac\/h di notte<\/p>\n<p style=\"font-weight: 400; text-align: left;\"><strong>Parcheggio presso la stazione ferroviaria<\/strong><br \/>\nIndirizzo: Trg Osvobodilne fronte 9, 1000 Ljubljana<br \/>\nDistanza: 1,2 km<br \/>\nA piedi: 17 minuti<br \/>\nPrezzo: 11 \u20ac\/24 h<\/p>\n<p>[\/vc_column_text][\/vc_column_inner][vc_column_inner width=&#8221;1\/3&#8243;][vc_column_text css=&#8221;&#8221;]<\/p>\n<p style=\"font-weight: 400; text-align: left;\"><strong>Parcheggio a breve termine nelle strade vicine<\/strong><br \/>\nConsentito solo negli spazi con segnaletica bianca.<br \/>\nStrade vicine: Streli\u0161ka ulica, Ulica talcev, Ulica stare pravde, Ulica Janeza Pavla II.<br \/>\nIl parcheggio \u00e8 a tempo limitato durante il giorno. Pagamento obbligatorio tutti i giorni dalle 6:00 alle 22:00 (1,70 \u20ac\/h). Dalle 22:00 alle 6:00: 2,00 \u20ac\/notte.<\/p>\n<p style=\"font-weight: 400; text-align: left;\">Il pagamento del parcheggio al parcometro \u00e8 possibile con monete da 2 \u20ac, 1 \u20ac, 0,50 \u20ac, 0,20 \u20ac e 0,10 \u20ac. Il parcometro non d\u00e0 resto, ma adegua la durata della sosta all\u2019importo inserito (minimo 1 ora).<\/p>\n<p style=\"font-weight: 400; text-align: left;\">Il pagamento pu\u00f2 essere effettuato in contanti presso il parcometro oppure tramite l\u2019app EasyPark.<\/p>\n<p>[\/vc_column_text][\/vc_column_inner][\/vc_row_inner][vc_empty_space][vc_separator css=&#8221;&#8221;][vc_empty_space][\/vc_column][\/vc_row][vc_row][vc_column][vc_column_text css=&#8221;&#8221;]<\/p>\n<h3 style=\"font-weight: 400;\">Arrivo in aereo<\/h3>\n<p style=\"font-weight: 400;\">Se arrivate in aereo, possiamo aiutarvi a organizzare un trasferimento taxi dall\u2019aeroporto all\u2019hotel.<\/p>\n<p>[\/vc_column_text][vc_empty_space][vc_separator css=&#8221;&#8221;][vc_empty_space][vc_column_text css=&#8221;&#8221;]<\/p>\n<h3 style=\"font-weight: 400;\">Arrivo in autobus o treno<\/h3>\n<p style=\"font-weight: 400;\">La stazione principale degli autobus e dei treni dista 1,3 km.<\/p>\n<p style=\"font-weight: 400;\">Come raggiungerci:<br \/>\n\u2022 A piedi: circa 18 minuti<br \/>\n\u2022 Bus: contattateci per maggiori informazioni<br \/>\n\u2022 Taxi<\/p>\n<p>[\/vc_column_text][\/vc_column][\/vc_row][vc_row][vc_column][vc_empty_space][vc_separator css=&#8221;&#8221;][vc_empty_space][vc_column_text css=&#8221;&#8221;]<\/p>\n<h3 style=\"text-align: center;\">Per ulteriori informazioni: <a href=\"&#x6d;&#x61;&#x69;&#x6c;&#116;&#111;:info&#x40;&#x61;&#x6d;&#x73;&#x72;&#111;oms.c&#x6f;&#x6d;\">in&#102;&#x6f;&#x40;&#x61;ms&#114;&#x6f;&#x6f;&#x6d;s.&#99;&#x6f;&#x6d;<\/a><\/h3>\n<p>[\/vc_column_text][vc_empty_space][\/vc_column][\/vc_row]<\/p>\n<\/div>","protected":false},"excerpt":{"rendered":"<p>[vc_row full_width=&#8221;stretch_row_content_no_spaces&#8221; el_class=&#8221;sp-page-title&#8221;][vc_column][\/vc_column][\/vc_row][vc_row el_class=&#8221;gmap-row&#8221;][vc_column][vc_column_text css=&#8221;&#8221;] AMS Rooms si trovano nel cuore della citt\u00e0, a pochi passi dalle principali attrazioni del centro storico. Le diverse opzioni di arrivo sono descritte sotto la mappa. Poljanska cesta 6, Ljubljana [\/vc_column_text][vc_empty_space][\/vc_column][\/vc_row][vc_row full_width=&#8221;stretch_row_content_no_spaces&#8221; el_class=&#8221;gmap-row&#8221;][vc_column][vc_goo_maps location=&#8221;AMS Rooms Poljanska cesta, Ljubljana&#8221; height=&#8221;700px&#8221; zoom=&#8221;15&#8243; css=&#8221;&#8221;][\/vc_column][\/vc_row][vc_row][vc_column][vc_empty_space][vc_column_text css=&#8221;&#8221;] Arrivo in auto AMS Rooms si trovano nel centro citt\u00e0. Vi consigliamo una delle seguenti opzioni di parcheggio: [\/vc_column_text][vc_row_inner][vc_column_inner width=&#8221;1\/3&#8243;][vc_column_text css=&#8221;&#8221;] Parcheggio AMS Rooms Disponibile in base alla disponibilit\u00e0, prenotazione obbligatoria. Non adatto a veicoli grandi o furgoni. Distanza: 30 m Prezzo: 30 \u20ac\/giorno Garage Kapitelj Indirizzo: Poljanski nasip 4, 1000 Ljubljana Distanza: 150 m A piedi tramite Bavarska steza: 2 minuti Prezzo: 35 \u20ac\/giorno [\/vc_column_text][\/vc_column_inner][vc_column_inner width=&#8221;1\/3&#8243;][vc_column_text css=&#8221;&#8221;] Garage Komenskega Indirizzo: Komenskega [&hellip;]<\/p>\n","protected":false},"author":1,"featured_media":0,"parent":0,"menu_order":3,"comment_status":"closed","ping_status":"closed","template":"","meta":{"_acf_changed":false,"footnotes":""},"class_list":["post-1212","page","type-page","status-publish","hentry"],"acf":[],"yoast_head":"<!-- This site is optimized with the Yoast SEO plugin v24.4 - https:\/\/yoast.com\/wordpress\/plugins\/seo\/ -->\n<title>Come raggiungerci - AMS Rooms<\/title>\n<meta name=\"description\" content=\"AMS Rooms si trovano nel cuore della citt\u00e0, a pochi passi dalle principali attrazioni del centro storico. Le diverse opzioni di arrivo sono descritte sotto la mappa. Poljanska cesta 6,\" \/>\n<meta name=\"robots\" content=\"index, follow, max-snippet:-1, max-image-preview:large, max-video-preview:-1\" \/>\n<link rel=\"canonical\" href=\"https:\/\/www.amsrooms.com\/kako-do-nas\/\" \/>\n<meta property=\"og:locale\" content=\"it_IT\" \/>\n<meta property=\"og:type\" content=\"article\" \/>\n<meta property=\"og:title\" content=\"Come raggiungerci - AMS Rooms\" \/>\n<meta property=\"og:description\" content=\"[vc_row full_width=&#8221;stretch_row_content_no_spaces&#8221; el_class=&#8221;sp-page-title&#8221;][vc_column][\/vc_column][\/vc_row][vc_row el_class=&#8221;gmap-row&#8221;][vc_column][vc_column_text css=&#8221;&#8221;] AMS Rooms si trovano nel cuore della citt\u00e0, a pochi passi dalle principali attrazioni del centro storico. Le diverse opzioni di arrivo sono descritte sotto la mappa. Poljanska cesta 6, Ljubljana [\/vc_column_text][vc_empty_space][\/vc_column][\/vc_row][vc_row full_width=&#8221;stretch_row_content_no_spaces&#8221; el_class=&#8221;gmap-row&#8221;][vc_column][vc_goo_maps location=&#8221;AMS Rooms Poljanska cesta, Ljubljana&#8221; height=&#8221;700px&#8221; zoom=&#8221;15&#8243; css=&#8221;&#8221;][\/vc_column][\/vc_row][vc_row][vc_column][vc_empty_space][vc_column_text css=&#8221;&#8221;] Arrivo in auto AMS Rooms si trovano nel centro citt\u00e0. Vi consigliamo una delle seguenti opzioni di parcheggio: [\/vc_column_text][vc_row_inner][vc_column_inner width=&#8221;1\/3&#8243;][vc_column_text css=&#8221;&#8221;] Parcheggio AMS Rooms Disponibile in base alla disponibilit\u00e0, prenotazione obbligatoria. Non adatto a veicoli grandi o furgoni. Distanza: 30 m Prezzo: 30 \u20ac\/giorno Garage Kapitelj Indirizzo: Poljanski nasip 4, 1000 Ljubljana Distanza: 150 m A piedi tramite Bavarska steza: 2 minuti Prezzo: 35 \u20ac\/giorno [\/vc_column_text][\/vc_column_inner][vc_column_inner width=&#8221;1\/3&#8243;][vc_column_text css=&#8221;&#8221;] Garage Komenskega Indirizzo: Komenskega [&hellip;]\" \/>\n<meta property=\"og:url\" content=\"https:\/\/www.amsrooms.com\/kako-do-nas\/\" \/>\n<meta property=\"og:site_name\" content=\"AMS Rooms\" \/>\n<meta property=\"article:modified_time\" content=\"2026-02-18T12:05:34+00:00\" \/>\n<meta name=\"twitter:card\" content=\"summary_large_image\" \/>\n<meta name=\"twitter:label1\" content=\"Tempo di lettura stimato\" \/>\n\t<meta name=\"twitter:data1\" content=\"3 minuti\" \/>\n<script type=\"application\/ld+json\" class=\"yoast-schema-graph\">{\"@context\":\"https:\/\/schema.org\",\"@graph\":[{\"@type\":\"WebPage\",\"@id\":\"https:\/\/www.amsrooms.com\/kako-do-nas\/\",\"url\":\"https:\/\/www.amsrooms.com\/kako-do-nas\/\",\"name\":\"Come raggiungerci - AMS Rooms\",\"isPartOf\":{\"@id\":\"https:\/\/www.amsrooms.com\/#website\"},\"datePublished\":\"2025-11-21T12:29:44+00:00\",\"dateModified\":\"2026-02-18T12:05:34+00:00\",\"breadcrumb\":{\"@id\":\"https:\/\/www.amsrooms.com\/kako-do-nas\/#breadcrumb\"},\"inLanguage\":\"it-IT\",\"potentialAction\":[{\"@type\":\"ReadAction\",\"target\":[\"https:\/\/www.amsrooms.com\/kako-do-nas\/\"]}]},{\"@type\":\"BreadcrumbList\",\"@id\":\"https:\/\/www.amsrooms.com\/kako-do-nas\/#breadcrumb\",\"itemListElement\":[{\"@type\":\"ListItem\",\"position\":1,\"name\":\"Home\",\"item\":\"https:\/\/www.amsrooms.com\/it\/\"},{\"@type\":\"ListItem\",\"position\":2,\"name\":\"Come raggiungerci\"}]},{\"@type\":\"WebSite\",\"@id\":\"https:\/\/www.amsrooms.com\/#website\",\"url\":\"https:\/\/www.amsrooms.com\/\",\"name\":\"AMS Rooms\",\"description\":\"\",\"potentialAction\":[{\"@type\":\"SearchAction\",\"target\":{\"@type\":\"EntryPoint\",\"urlTemplate\":\"https:\/\/www.amsrooms.com\/?s={search_term_string}\"},\"query-input\":{\"@type\":\"PropertyValueSpecification\",\"valueRequired\":true,\"valueName\":\"search_term_string\"}}],\"inLanguage\":\"it-IT\"}]}<\/script>\n<!-- \/ Yoast SEO plugin. -->","yoast_head_json":{"title":"Come raggiungerci - AMS Rooms","description":"AMS Rooms si trovano nel cuore della citt\u00e0, a pochi passi dalle principali attrazioni del centro storico. Le diverse opzioni di arrivo sono descritte sotto la mappa. Poljanska cesta 6,","robots":{"index":"index","follow":"follow","max-snippet":"max-snippet:-1","max-image-preview":"max-image-preview:large","max-video-preview":"max-video-preview:-1"},"canonical":"https:\/\/www.amsrooms.com\/kako-do-nas\/","og_locale":"it_IT","og_type":"article","og_title":"Come raggiungerci - AMS Rooms","og_description":"[vc_row full_width=&#8221;stretch_row_content_no_spaces&#8221; el_class=&#8221;sp-page-title&#8221;][vc_column][\/vc_column][\/vc_row][vc_row el_class=&#8221;gmap-row&#8221;][vc_column][vc_column_text css=&#8221;&#8221;] AMS Rooms si trovano nel cuore della citt\u00e0, a pochi passi dalle principali attrazioni del centro storico. Le diverse opzioni di arrivo sono descritte sotto la mappa. Poljanska cesta 6, Ljubljana [\/vc_column_text][vc_empty_space][\/vc_column][\/vc_row][vc_row full_width=&#8221;stretch_row_content_no_spaces&#8221; el_class=&#8221;gmap-row&#8221;][vc_column][vc_goo_maps location=&#8221;AMS Rooms Poljanska cesta, Ljubljana&#8221; height=&#8221;700px&#8221; zoom=&#8221;15&#8243; css=&#8221;&#8221;][\/vc_column][\/vc_row][vc_row][vc_column][vc_empty_space][vc_column_text css=&#8221;&#8221;] Arrivo in auto AMS Rooms si trovano nel centro citt\u00e0. Vi consigliamo una delle seguenti opzioni di parcheggio: [\/vc_column_text][vc_row_inner][vc_column_inner width=&#8221;1\/3&#8243;][vc_column_text css=&#8221;&#8221;] Parcheggio AMS Rooms Disponibile in base alla disponibilit\u00e0, prenotazione obbligatoria. Non adatto a veicoli grandi o furgoni. Distanza: 30 m Prezzo: 30 \u20ac\/giorno Garage Kapitelj Indirizzo: Poljanski nasip 4, 1000 Ljubljana Distanza: 150 m A piedi tramite Bavarska steza: 2 minuti Prezzo: 35 \u20ac\/giorno [\/vc_column_text][\/vc_column_inner][vc_column_inner width=&#8221;1\/3&#8243;][vc_column_text css=&#8221;&#8221;] Garage Komenskega Indirizzo: Komenskega [&hellip;]","og_url":"https:\/\/www.amsrooms.com\/kako-do-nas\/","og_site_name":"AMS Rooms","article_modified_time":"2026-02-18T12:05:34+00:00","twitter_card":"summary_large_image","twitter_misc":{"Tempo di lettura stimato":"3 minuti"},"schema":{"@context":"https:\/\/schema.org","@graph":[{"@type":"WebPage","@id":"https:\/\/www.amsrooms.com\/kako-do-nas\/","url":"https:\/\/www.amsrooms.com\/kako-do-nas\/","name":"Come raggiungerci - AMS Rooms","isPartOf":{"@id":"https:\/\/www.amsrooms.com\/#website"},"datePublished":"2025-11-21T12:29:44+00:00","dateModified":"2026-02-18T12:05:34+00:00","breadcrumb":{"@id":"https:\/\/www.amsrooms.com\/kako-do-nas\/#breadcrumb"},"inLanguage":"it-IT","potentialAction":[{"@type":"ReadAction","target":["https:\/\/www.amsrooms.com\/kako-do-nas\/"]}]},{"@type":"BreadcrumbList","@id":"https:\/\/www.amsrooms.com\/kako-do-nas\/#breadcrumb","itemListElement":[{"@type":"ListItem","position":1,"name":"Home","item":"https:\/\/www.amsrooms.com\/it\/"},{"@type":"ListItem","position":2,"name":"Come raggiungerci"}]},{"@type":"WebSite","@id":"https:\/\/www.amsrooms.com\/#website","url":"https:\/\/www.amsrooms.com\/","name":"AMS Rooms","description":"","potentialAction":[{"@type":"SearchAction","target":{"@type":"EntryPoint","urlTemplate":"https:\/\/www.amsrooms.com\/?s={search_term_string}"},"query-input":{"@type":"PropertyValueSpecification","valueRequired":true,"valueName":"search_term_string"}}],"inLanguage":"it-IT"}]}},"_links":{"self":[{"href":"https:\/\/www.amsrooms.com\/it\/wp-json\/wp\/v2\/pages\/1212","targetHints":{"allow":["GET"]}}],"collection":[{"href":"https:\/\/www.amsrooms.com\/it\/wp-json\/wp\/v2\/pages"}],"about":[{"href":"https:\/\/www.amsrooms.com\/it\/wp-json\/wp\/v2\/types\/page"}],"author":[{"embeddable":true,"href":"https:\/\/www.amsrooms.com\/it\/wp-json\/wp\/v2\/users\/1"}],"replies":[{"embeddable":true,"href":"https:\/\/www.amsrooms.com\/it\/wp-json\/wp\/v2\/comments?post=1212"}],"version-history":[{"count":0,"href":"https:\/\/www.amsrooms.com\/it\/wp-json\/wp\/v2\/pages\/1212\/revisions"}],"wp:attachment":[{"href":"https:\/\/www.amsrooms.com\/it\/wp-json\/wp\/v2\/media?parent=1212"}],"curies":[{"name":"wp","href":"https:\/\/api.w.org\/{rel}","templated":true}]}}