{"id":1211,"date":"2025-11-21T13:29:44","date_gmt":"2025-11-21T12:29:44","guid":{"rendered":"https:\/\/www.amsrooms.com\/kako-do-nas\/"},"modified":"2026-02-10T08:00:11","modified_gmt":"2026-02-10T07:00:11","slug":"how-to-reach-us","status":"publish","type":"page","link":"https:\/\/www.amsrooms.com\/en\/how-to-reach-us\/","title":{"rendered":"How to reach us"},"content":{"rendered":"<div class=\"wpb-content-wrapper\"><p>[vc_row full_width=&#8221;stretch_row_content_no_spaces&#8221; el_class=&#8221;sp-page-title&#8221;][vc_column]\t\t\n\t\t<div class=\"title-banner\" style=\"background-image: linear-gradient(rgba(0, 0, 0, 0.0),rgba(0, 0, 0, 0.0)),url(https:\/\/www.amsrooms.com\/wp-content\/uploads\/2025\/12\/stavba_poljanska-6-2.jpg);\">\n\t\t\t<div class=\"container\">\n\t\t\t\t<div class=\"breadcrumbs-container\">\n\t\t\t\t\t\t<div class=\"breadcrumbs\">\n\t\t\t\t\t\t\t\n\t<ul class=\"ns-breadcrumbs\">\n\t\t\t<li><a href=\"https:\/\/www.amsrooms.com\/en\/\">Domov<\/a><\/li>\n\t\t\t\t<li>How to reach us<\/li>\n\t<\/ul>\n\t\n\t\t\t\t\t\t\t\t<div class=\"clearfix\"><\/div>\n\t\t\t\t\t\t<\/div>\n\t\t\t\t<\/div>\n\t\t\t\t\t\t\t\t\t<h1 class=\"entry-title\">How to reach us<\/h1>\n\t\t\t\t\t\t\t<\/div>\n\t\t<\/div>\n\n\t\t[\/vc_column][\/vc_row][vc_row el_class=&#8221;gmap-row&#8221;][vc_column][vc_column_text css=&#8221;&#8221;]<\/p>\n<p style=\"text-align: center;\">AMS Rooms are located in the heart of the city, just a stone&#8217;s throw away from the main attractions in the old town. Various options for getting to your accommodation are described\u00a0 below the map.<\/p>\n<p style=\"text-align: center;\"><strong>Poljanska cesta 6, Ljubljana<\/strong><\/p>\n<p>[\/vc_column_text][vc_empty_space][\/vc_column][\/vc_row][vc_row full_width=&#8221;stretch_row_content_no_spaces&#8221; el_class=&#8221;gmap-row&#8221;][vc_column][vc_goo_maps location=&#8221;AMS Rooms Poljanska cesta, Ljubljana&#8221; height=&#8221;700px&#8221; zoom=&#8221;15&#8243; css=&#8221;&#8221;][\/vc_column][\/vc_row][vc_row][vc_column][vc_empty_space][vc_column_text css=&#8221;&#8221;]<\/p>\n<h3 style=\"text-align: left;\"><span lang=\"SL\">Arrival by car\u00a0<\/span><\/h3>\n<p style=\"font-weight: 400; text-align: left;\">AMS Rooms is located in the city center. We recommend using one of the following parking options:<\/p>\n<p>[\/vc_column_text][vc_row_inner][vc_column_inner width=&#8221;1\/3&#8243;][vc_column_text css=&#8221;&#8221;]<\/p>\n<p style=\"font-weight: 400; text-align: left;\"><strong>AMS Rooms parking lot<\/strong><br \/>\nSubject to availability, advance booking required. Not suitable for larger cars and vans.<br \/>\nDistance from the hotel: 30 m<br \/>\nPrice: 30\u20ac\/day.<\/p>\n<p style=\"font-weight: 400; text-align: left;\"><strong>Kapitelj parking garage<\/strong><br \/>\nAddress: Poljanski nasip 4, 1000 Ljubljana<br \/>\nDistance from the hotel: 150 m.<\/p>\n<p style=\"font-weight: 400; text-align: left;\">Walking time via the Bavarian Trail (&#8220;Bavarska steza&#8221;) directly to our entrance: 2 minutes.<br \/>\nPrice: 35\u20ac\/day.<\/p>\n<p>[\/vc_column_text][\/vc_column_inner][vc_column_inner width=&#8221;1\/3&#8243;][vc_column_text css=&#8221;&#8221;]<strong>Komenskega parking garage<\/strong><br \/>\nAddress: Komenskega ulica 42, 1000 Ljubljana<br \/>\nDistance from the hotel: 500 m.<br \/>\nWalking time: 7 minutes.<br \/>\nPrice: 30\u20ac\/day.<\/p>\n<p style=\"font-weight: 400; text-align: left;\"><strong>Vrazov trg parking lot<\/strong><br \/>\nAddress: \u0160u\u0161tarjevo nabre\u017eje, 1000 Ljubljana<br \/>\nDistance from the hotel: 450 m.<br \/>\nWalking time: 6 minutes.<br \/>\nPrice: 1.20\u20ac\/hour during the day and 1.80\u20ac\/hour at night.<\/p>\n<p style=\"font-weight: 400; text-align: left;\"><strong>Parking lot at the main railway station\u00a0<\/strong><br \/>\nAddress: Trg Osvobodilne fronte 9, 1000 Ljubljana<br \/>\nDistance from the hotel: 1.2 km.<br \/>\nWalking time: 17 minutes.<br \/>\nPrice: 11\u20ac\/24 hours.<\/p>\n<p>[\/vc_column_text][\/vc_column_inner][vc_column_inner width=&#8221;1\/3&#8243;][vc_column_text css=&#8221;&#8221;]<\/p>\n<p style=\"font-weight: 400; text-align: left;\"><strong>Short-term parking on streets near the hotel<\/strong><br \/>\nStreet parking is only permitted in spaces marked with white parking space markings.<br \/>\nThe nearest streets are: Streli\u0161ka ulica, Ulica talcev Street, Ulica stare pravde, and Ulica Janeza Pavla II.<br \/>\nParking is time-limited during the day, and payment is mandatory every day of the week (Monday to Sunday) between 6:00 a.m. and 10:00 p.m. (\u20ac1.70\/hour). Outside these hours, i.e. from 10 p.m. to 6 a.m., the total parking fee is \u20ac2.00\/night.<\/p>\n<p>Parking fees can be paid at parking meters using \u20ac2, \u20ac1, \u20ac0.50, \u20ac0.20, and \u20ac0.10 coins. Parking meters do not give change, but adjust the parking time to the amount paid (minimum 1 hour).<\/p>\n<p style=\"font-weight: 400; text-align: left;\">Parking fees can also be paid using the EasyPark mobile app.<\/p>\n<p>[\/vc_column_text][\/vc_column_inner][\/vc_row_inner][vc_empty_space][vc_separator css=&#8221;&#8221;][vc_empty_space][\/vc_column][\/vc_row][vc_row][vc_column][vc_column_text css=&#8221;&#8221;]<\/p>\n<h3 style=\"font-weight: 400;\">Arrival by plane<\/h3>\n<p style=\"font-weight: 400;\">If you are arriving in Ljubljana by plane, we can help you arrange taxi transportation from the airport to our hotel.<\/p>\n<p>[\/vc_column_text][vc_empty_space][vc_separator css=&#8221;&#8221;][vc_empty_space][vc_column_text css=&#8221;&#8221;]<\/p>\n<h3 style=\"font-weight: 400;\">Arrival by bus or train<\/h3>\n<p style=\"font-weight: 400;\">The main bus and train stations are 1.3 km away.<\/p>\n<p style=\"font-weight: 400;\">How to reach us:<br \/>\n\u2022 On foot: walking time is 18 minutes.<br \/>\n\u2022 Bus: please contact us for more information.<br \/>\n\u2022 Taxi.<\/p>\n<p>[\/vc_column_text][\/vc_column][\/vc_row][vc_row][vc_column][vc_empty_space][vc_separator css=&#8221;&#8221;][vc_empty_space][vc_column_text css=&#8221;&#8221;]<\/p>\n<h3 style=\"text-align: center;\">For more information, please contact us at: &#105;&#x6e;&#102;&#x6f;&#64;&#x61;m&#x73;r&#x6f;o&#x6d;s&#x2e;c&#x6f;m<\/h3>\n<p>[\/vc_column_text][vc_empty_space][\/vc_column][\/vc_row]<\/p>\n<\/div>","protected":false},"excerpt":{"rendered":"<p>[vc_row full_width=&#8221;stretch_row_content_no_spaces&#8221; el_class=&#8221;sp-page-title&#8221;][vc_column][\/vc_column][\/vc_row][vc_row el_class=&#8221;gmap-row&#8221;][vc_column][vc_column_text css=&#8221;&#8221;] AMS Rooms are located in the heart of the city, just a stone&#8217;s throw away from the main attractions in the old town. Various options for getting to your accommodation are described\u00a0 below the map. Poljanska cesta 6, Ljubljana [\/vc_column_text][vc_empty_space][\/vc_column][\/vc_row][vc_row full_width=&#8221;stretch_row_content_no_spaces&#8221; el_class=&#8221;gmap-row&#8221;][vc_column][vc_goo_maps location=&#8221;AMS Rooms Poljanska cesta, Ljubljana&#8221; height=&#8221;700px&#8221; zoom=&#8221;15&#8243; css=&#8221;&#8221;][\/vc_column][\/vc_row][vc_row][vc_column][vc_empty_space][vc_column_text css=&#8221;&#8221;] Arrival by car\u00a0 AMS Rooms is located in the city center. We recommend using one of the following parking options: [\/vc_column_text][vc_row_inner][vc_column_inner width=&#8221;1\/3&#8243;][vc_column_text css=&#8221;&#8221;] AMS Rooms parking lot Subject to availability, advance booking required. Not suitable for larger cars and vans. Distance from the hotel: 30 m Price: 30\u20ac\/day. Kapitelj parking garage Address: Poljanski nasip 4, 1000 Ljubljana Distance from the hotel: 150 m. Walking [&hellip;]<\/p>\n","protected":false},"author":1,"featured_media":0,"parent":0,"menu_order":3,"comment_status":"closed","ping_status":"closed","template":"","meta":{"_acf_changed":false,"footnotes":""},"class_list":["post-1211","page","type-page","status-publish","hentry"],"acf":[],"yoast_head":"<!-- This site is optimized with the Yoast SEO plugin v24.4 - https:\/\/yoast.com\/wordpress\/plugins\/seo\/ -->\n<title>How to reach us - AMS Rooms<\/title>\n<meta name=\"description\" content=\"AMS Rooms are located in the heart of the city, just a stone&#039;s throw away from the main attractions in the old town. Various options for getting to your accommodation\" \/>\n<meta name=\"robots\" content=\"index, follow, max-snippet:-1, max-image-preview:large, max-video-preview:-1\" \/>\n<link rel=\"canonical\" href=\"https:\/\/www.amsrooms.com\/kako-do-nas\/\" \/>\n<meta property=\"og:locale\" content=\"en_US\" \/>\n<meta property=\"og:type\" content=\"article\" \/>\n<meta property=\"og:title\" content=\"How to reach us - AMS Rooms\" \/>\n<meta property=\"og:description\" content=\"[vc_row full_width=&#8221;stretch_row_content_no_spaces&#8221; el_class=&#8221;sp-page-title&#8221;][vc_column][\/vc_column][\/vc_row][vc_row el_class=&#8221;gmap-row&#8221;][vc_column][vc_column_text css=&#8221;&#8221;] AMS Rooms are located in the heart of the city, just a stone&#8217;s throw away from the main attractions in the old town. Various options for getting to your accommodation are described\u00a0 below the map. Poljanska cesta 6, Ljubljana [\/vc_column_text][vc_empty_space][\/vc_column][\/vc_row][vc_row full_width=&#8221;stretch_row_content_no_spaces&#8221; el_class=&#8221;gmap-row&#8221;][vc_column][vc_goo_maps location=&#8221;AMS Rooms Poljanska cesta, Ljubljana&#8221; height=&#8221;700px&#8221; zoom=&#8221;15&#8243; css=&#8221;&#8221;][\/vc_column][\/vc_row][vc_row][vc_column][vc_empty_space][vc_column_text css=&#8221;&#8221;] Arrival by car\u00a0 AMS Rooms is located in the city center. We recommend using one of the following parking options: [\/vc_column_text][vc_row_inner][vc_column_inner width=&#8221;1\/3&#8243;][vc_column_text css=&#8221;&#8221;] AMS Rooms parking lot Subject to availability, advance booking required. Not suitable for larger cars and vans. Distance from the hotel: 30 m Price: 30\u20ac\/day. Kapitelj parking garage Address: Poljanski nasip 4, 1000 Ljubljana Distance from the hotel: 150 m. Walking [&hellip;]\" \/>\n<meta property=\"og:url\" content=\"https:\/\/www.amsrooms.com\/kako-do-nas\/\" \/>\n<meta property=\"og:site_name\" content=\"AMS Rooms\" \/>\n<meta property=\"article:modified_time\" content=\"2026-02-10T07:00:11+00:00\" \/>\n<meta name=\"twitter:card\" content=\"summary_large_image\" \/>\n<meta name=\"twitter:label1\" content=\"Est. reading time\" \/>\n\t<meta name=\"twitter:data1\" content=\"3 minutes\" \/>\n<script type=\"application\/ld+json\" class=\"yoast-schema-graph\">{\"@context\":\"https:\/\/schema.org\",\"@graph\":[{\"@type\":\"WebPage\",\"@id\":\"https:\/\/www.amsrooms.com\/kako-do-nas\/\",\"url\":\"https:\/\/www.amsrooms.com\/kako-do-nas\/\",\"name\":\"How to reach us - AMS Rooms\",\"isPartOf\":{\"@id\":\"https:\/\/www.amsrooms.com\/#website\"},\"datePublished\":\"2025-11-21T12:29:44+00:00\",\"dateModified\":\"2026-02-10T07:00:11+00:00\",\"breadcrumb\":{\"@id\":\"https:\/\/www.amsrooms.com\/kako-do-nas\/#breadcrumb\"},\"inLanguage\":\"en-US\",\"potentialAction\":[{\"@type\":\"ReadAction\",\"target\":[\"https:\/\/www.amsrooms.com\/kako-do-nas\/\"]}]},{\"@type\":\"BreadcrumbList\",\"@id\":\"https:\/\/www.amsrooms.com\/kako-do-nas\/#breadcrumb\",\"itemListElement\":[{\"@type\":\"ListItem\",\"position\":1,\"name\":\"Home\",\"item\":\"https:\/\/www.amsrooms.com\/en\/\"},{\"@type\":\"ListItem\",\"position\":2,\"name\":\"How to reach us\"}]},{\"@type\":\"WebSite\",\"@id\":\"https:\/\/www.amsrooms.com\/#website\",\"url\":\"https:\/\/www.amsrooms.com\/\",\"name\":\"AMS Rooms\",\"description\":\"\",\"potentialAction\":[{\"@type\":\"SearchAction\",\"target\":{\"@type\":\"EntryPoint\",\"urlTemplate\":\"https:\/\/www.amsrooms.com\/?s={search_term_string}\"},\"query-input\":{\"@type\":\"PropertyValueSpecification\",\"valueRequired\":true,\"valueName\":\"search_term_string\"}}],\"inLanguage\":\"en-US\"}]}<\/script>\n<!-- \/ Yoast SEO plugin. -->","yoast_head_json":{"title":"How to reach us - AMS Rooms","description":"AMS Rooms are located in the heart of the city, just a stone's throw away from the main attractions in the old town. Various options for getting to your accommodation","robots":{"index":"index","follow":"follow","max-snippet":"max-snippet:-1","max-image-preview":"max-image-preview:large","max-video-preview":"max-video-preview:-1"},"canonical":"https:\/\/www.amsrooms.com\/kako-do-nas\/","og_locale":"en_US","og_type":"article","og_title":"How to reach us - AMS Rooms","og_description":"[vc_row full_width=&#8221;stretch_row_content_no_spaces&#8221; el_class=&#8221;sp-page-title&#8221;][vc_column][\/vc_column][\/vc_row][vc_row el_class=&#8221;gmap-row&#8221;][vc_column][vc_column_text css=&#8221;&#8221;] AMS Rooms are located in the heart of the city, just a stone&#8217;s throw away from the main attractions in the old town. Various options for getting to your accommodation are described\u00a0 below the map. Poljanska cesta 6, Ljubljana [\/vc_column_text][vc_empty_space][\/vc_column][\/vc_row][vc_row full_width=&#8221;stretch_row_content_no_spaces&#8221; el_class=&#8221;gmap-row&#8221;][vc_column][vc_goo_maps location=&#8221;AMS Rooms Poljanska cesta, Ljubljana&#8221; height=&#8221;700px&#8221; zoom=&#8221;15&#8243; css=&#8221;&#8221;][\/vc_column][\/vc_row][vc_row][vc_column][vc_empty_space][vc_column_text css=&#8221;&#8221;] Arrival by car\u00a0 AMS Rooms is located in the city center. We recommend using one of the following parking options: [\/vc_column_text][vc_row_inner][vc_column_inner width=&#8221;1\/3&#8243;][vc_column_text css=&#8221;&#8221;] AMS Rooms parking lot Subject to availability, advance booking required. Not suitable for larger cars and vans. Distance from the hotel: 30 m Price: 30\u20ac\/day. Kapitelj parking garage Address: Poljanski nasip 4, 1000 Ljubljana Distance from the hotel: 150 m. Walking [&hellip;]","og_url":"https:\/\/www.amsrooms.com\/kako-do-nas\/","og_site_name":"AMS Rooms","article_modified_time":"2026-02-10T07:00:11+00:00","twitter_card":"summary_large_image","twitter_misc":{"Est. reading time":"3 minutes"},"schema":{"@context":"https:\/\/schema.org","@graph":[{"@type":"WebPage","@id":"https:\/\/www.amsrooms.com\/kako-do-nas\/","url":"https:\/\/www.amsrooms.com\/kako-do-nas\/","name":"How to reach us - AMS Rooms","isPartOf":{"@id":"https:\/\/www.amsrooms.com\/#website"},"datePublished":"2025-11-21T12:29:44+00:00","dateModified":"2026-02-10T07:00:11+00:00","breadcrumb":{"@id":"https:\/\/www.amsrooms.com\/kako-do-nas\/#breadcrumb"},"inLanguage":"en-US","potentialAction":[{"@type":"ReadAction","target":["https:\/\/www.amsrooms.com\/kako-do-nas\/"]}]},{"@type":"BreadcrumbList","@id":"https:\/\/www.amsrooms.com\/kako-do-nas\/#breadcrumb","itemListElement":[{"@type":"ListItem","position":1,"name":"Home","item":"https:\/\/www.amsrooms.com\/en\/"},{"@type":"ListItem","position":2,"name":"How to reach us"}]},{"@type":"WebSite","@id":"https:\/\/www.amsrooms.com\/#website","url":"https:\/\/www.amsrooms.com\/","name":"AMS Rooms","description":"","potentialAction":[{"@type":"SearchAction","target":{"@type":"EntryPoint","urlTemplate":"https:\/\/www.amsrooms.com\/?s={search_term_string}"},"query-input":{"@type":"PropertyValueSpecification","valueRequired":true,"valueName":"search_term_string"}}],"inLanguage":"en-US"}]}},"_links":{"self":[{"href":"https:\/\/www.amsrooms.com\/en\/wp-json\/wp\/v2\/pages\/1211","targetHints":{"allow":["GET"]}}],"collection":[{"href":"https:\/\/www.amsrooms.com\/en\/wp-json\/wp\/v2\/pages"}],"about":[{"href":"https:\/\/www.amsrooms.com\/en\/wp-json\/wp\/v2\/types\/page"}],"author":[{"embeddable":true,"href":"https:\/\/www.amsrooms.com\/en\/wp-json\/wp\/v2\/users\/1"}],"replies":[{"embeddable":true,"href":"https:\/\/www.amsrooms.com\/en\/wp-json\/wp\/v2\/comments?post=1211"}],"version-history":[{"count":0,"href":"https:\/\/www.amsrooms.com\/en\/wp-json\/wp\/v2\/pages\/1211\/revisions"}],"wp:attachment":[{"href":"https:\/\/www.amsrooms.com\/en\/wp-json\/wp\/v2\/media?parent=1211"}],"curies":[{"name":"wp","href":"https:\/\/api.w.org\/{rel}","templated":true}]}}